{"id":9717,"date":"2020-07-02T02:18:36","date_gmt":"2020-07-02T02:18:36","guid":{"rendered":"http:\/\/www.inq.mx\/ingenieriampv\/?page_id=9717"},"modified":"2020-07-14T17:31:21","modified_gmt":"2020-07-14T17:31:21","slug":"comtrafo","status":"publish","type":"page","link":"https:\/\/www.inq.mx\/ingenieriampv\/comtrafo\/","title":{"rendered":"COMTRAFO"},"content":{"rendered":"<p>[vc_row el_class=&#8221;has-scroll-arrow&#8221; css=&#8221;.vc_custom_1558769443428{background: #f7f9fa url(https:\/\/www.inq.mx\/ingenieriampv\/wp-content\/uploads\/2020\/07\/fac-bg-1.png) !important;background-position: center !important;background-repeat: no-repeat !important;background-size: cover !important;}&#8221;][vc_column]<div class=\"bauer-simple-image text-center\" style=\"border-radius:2px;overflow:hidden;max-width:500px;margin-left: auto; margin-right: auto;\" >\r\n\t\t\t<img alt=\"image\" src=\"https:\/\/www.inq.mx\/ingenieriampv\/wp-content\/uploads\/2020\/07\/87a473_f225eca68eaf4f50ac94c2848e73064c_mv2_vectorized.png\" \/> \r\n\t\t<\/div>\r\n\t<div class=\"bauer-spacer clearfix\" data-desktop=\"94\" data-mobi=\"60\" data-smobi=\"60\"><\/div><div class=\"bauer-single-heading clearfix text-center\" style=\"margin-bottom:24px;\"><span class=\"inner\"><span class=\"heading clearfix \" style=\"font-weight:600;color:#777777;font-size:16px;\">\r\n\t\tSOBRE COMTRAFO\r\n\t<\/span><\/span><\/div><h2 class=\"bauer-text clearfix text-center\" style=\"font-size:42px;line-height:50px;margin-bottom:30px;max-width:750px;margin-left: auto; margin-right: auto;\"><p>Compa\u00f1\u00eda l\u00edder internacional en la fabricaci\u00f3n y comercializaci\u00f3n de transformadores<\/p>\n<\/h2><div class=\"bauer-text clearfix text-center\" style=\"font-size:18px;line-height:30px;color:#777777;max-width:750px;margin-left: auto; margin-right: auto;\"><p>MPV Ingenier\u00eda se enorgullece de ser el representante comercial y de servicios de COMTRAFO en M\u00e9xico<\/p>\n<\/div>\r\n\t<div class=\"bauer-spacer clearfix\" data-desktop=\"70\" data-mobi=\"30\" data-smobi=\"30\"><\/div>[\/vc_column][\/vc_row][vc_row][vc_column][vc_row_inner column_inner_spacing=&#8221;40&#8243;][vc_column_inner width=&#8221;1\/2&#8243;]<div class=\"bauer-single-heading clearfix  wow fadeInUp\" style=\"margin-bottom:25px;\"><span class=\"inner\"><span class=\"heading clearfix \" style=\"font-weight:600;color:#777777;font-size:16px;\">\r\n\t\tHISTORIA\r\n\t<\/span><\/span><\/div><h2 class=\"bauer-text clearfix  wow fadeInUp\" style=\"font-size:42px;line-height:50px;margin-bottom:32px;\"><p>Tecnolog\u00eda Transformando Energ\u00eda<\/p>\n<\/h2><div class=\"bauer-single-heading clearfix  has-line\" style=\"margin-bottom:22px;\"><span class=\"inner\"><span class=\"line accent\" style=\"width:12px;height:12px;top:9px;\"><\/span><span class=\"heading clearfix \" style=\"color:#414042;font-size:18px;padding-left:20px;\">\r\n\t\tComienzos\r\n\t<\/span><\/span><\/div><div class=\"bauer-text clearfix \" style=\"\"><p style=\"text-align: left;\">Desde 1994 producimos transformadores de distribuci\u00f3n y fuerza para el mercado nacional e internacional. Utilizamos tecnolog\u00eda de punta en un avanzado proceso de producci\u00f3n, aseguramos m\u00e1s confiabilidad y la mejor cualidad de nuestros productos. Nuestro equipo de profesionales es altamente cualificado y experimentado, as\u00ed prove\u00edmos el soporte necesario que su empresa necesita. Nuestros principales clientes son empresas generadoras y comercializadoras de energ\u00eda el\u00e9ctrica, industriales (petroqu\u00edmica, sider\u00fargica, alimentos, textiles, etc.), operadoras de telefon\u00eda m\u00f3vil y fija, shopping centers, empresas de construcci\u00f3n civil, hospitales y instaladoras en general.<\/p>\n<p>El 100% de los transformadores fabricados por COMTRAFO son sometidos a pruebas de acuerdo con las mas recientes t\u00e9cnicas adoptadas por todo el mundo y tambi\u00e9n con las normas aplicables. No utilizamos t\u00e9cnicas de muestreo. Realizamos las pruebas en laboratorio propio, con los m\u00e1s modernos equipamientos en sistemas de medici\u00f3n, lo que asegura grande confiabilidad a los resultados obtenidos. Todo transformador contiene su informe de prueba.<\/p>\n<p>Realizamos la Asistencia T\u00e9cnica a trav\u00e9s de una red de compa\u00f1\u00edas acreditadas y capacitadas en todo el Pa\u00eds. Adem\u00e1s, nuestra fabricaci\u00f3n dispone de estructura especializada con capacidad para desplazamiento hasta el cliente, con rapidez y cualidad en los servicios prestados.<\/p>\n<\/div>\r\n\t<div class=\"bauer-spacer clearfix\" data-desktop=\"50\" data-mobi=\"30\" data-smobi=\"30\"><\/div>[\/vc_column_inner][vc_column_inner width=&#8221;1\/2&#8243;]\r\n\t<div class=\"bauer-spacer clearfix\" data-desktop=\"70\" data-mobi=\"40\" data-smobi=\"40\"><\/div>\r\n\t<div class=\"bauer-accordions accordions\"><div class=\"accordion-item style-2 active\" style=\"margin-bottom:10px;\"><h3 class=\"accordion-heading\" style=\"\">\r\n\t\t\t<span class=\"inner\" style=\"\">\r\n\t\t\t\tNuestra Visi\u00f3n\r\n\t\t\t<\/span>\r\n\t\t<\/h3><div class=\"accordion-content\" style=\"\"><h4 style=\"font-size: 18px; color: #414042; margin-bottom: 12px;\">\n<p style=\"line-height: 24px;\">&#8220;Proveer equipamientos y soluciones en energ\u00eda el\u00e9ctrica con reconocimiento nacional e internacional por su excelencia, persiguiendo el bienestar de sus colaboradores y la preservaci\u00f3n del medio ambiente, excediendo las expectativas de los clientes, proveedores, sociedad y accionistas.&#8221;.<\/h4>\n<\/div><\/div><div class=\"accordion-item style-2\" style=\"margin-bottom:10px;\"><h3 class=\"accordion-heading\" style=\"\">\r\n\t\t\t<span class=\"inner\" style=\"\">\r\n\t\t\t\tNuestra Misi\u00f3n\r\n\t\t\t<\/span>\r\n\t\t<\/h3><div class=\"accordion-content\" style=\"\"><h4 style=\"font-size: 18px; color: #414042; margin-bottom: 12px;\">\n<p style=\"line-height: 24px;\">\u201cSer referencia en el mercado de transformadores y consolidarse entre las cinco empresas m\u00e1s grandes del sector. \u201d.<\/h4>\n<\/div><\/div><div class=\"accordion-item style-2\" style=\"margin-bottom:10px;\"><h3 class=\"accordion-heading\" style=\"\">\r\n\t\t\t<span class=\"inner\" style=\"\">\r\n\t\t\t\tNuestros Valores\r\n\t\t\t<\/span>\r\n\t\t<\/h3><div class=\"accordion-content\" style=\"\"><h4 style=\"font-size: 18px; color: #414042; margin-bottom: 12px;\">\n<p style=\"line-height: 24px;\">\n<ul>\n<li>Foco en las necesidades del cliente<\/li>\n<li>Calidad Total<\/li>\n<li>Agilidad<\/li>\n<li>Mantener la credibilidad ante clientes y socios<\/li>\n<li>Productos personalizados<\/li>\n<li>Preservaci\u00f3n del medio ambiente en que act\u00faa<\/li>\n<li>Ayuda al desarrollo sostenible de la sociedad<\/li>\n<\/ul>\n<\/h4>\n<\/div><\/div><\/div>[\/vc_column_inner][\/vc_row_inner][\/vc_column][\/vc_row]<\/p>\n","protected":false},"excerpt":{"rendered":"<p>[vc_row el_class=&#8221;has-scroll-arrow&#8221; css=&#8221;.vc_custom_1558769443428{background: #f7f9fa url(https:\/\/www.inq.mx\/ingenieriampv\/wp-content\/uploads\/2020\/07\/fac-bg-1.png) !important;background-position: center !important;background-repeat: no-repeat !important;background-size: cover !important;}&#8221;][vc_column][\/vc_column][\/vc_row][vc_row][vc_column][vc_row_inner column_inner_spacing=&#8221;40&#8243;][vc_column_inner width=&#8221;1\/2&#8243;][\/vc_column_inner][vc_column_inner width=&#8221;1\/2&#8243;][\/vc_column_inner][\/vc_row_inner][\/vc_column][\/vc_row]<\/p>\n","protected":false},"author":1,"featured_media":0,"parent":0,"menu_order":0,"comment_status":"closed","ping_status":"closed","template":"","meta":[],"_links":{"self":[{"href":"https:\/\/www.inq.mx\/ingenieriampv\/wp-json\/wp\/v2\/pages\/9717"}],"collection":[{"href":"https:\/\/www.inq.mx\/ingenieriampv\/wp-json\/wp\/v2\/pages"}],"about":[{"href":"https:\/\/www.inq.mx\/ingenieriampv\/wp-json\/wp\/v2\/types\/page"}],"author":[{"embeddable":true,"href":"https:\/\/www.inq.mx\/ingenieriampv\/wp-json\/wp\/v2\/users\/1"}],"replies":[{"embeddable":true,"href":"https:\/\/www.inq.mx\/ingenieriampv\/wp-json\/wp\/v2\/comments?post=9717"}],"version-history":[{"count":14,"href":"https:\/\/www.inq.mx\/ingenieriampv\/wp-json\/wp\/v2\/pages\/9717\/revisions"}],"predecessor-version":[{"id":9858,"href":"https:\/\/www.inq.mx\/ingenieriampv\/wp-json\/wp\/v2\/pages\/9717\/revisions\/9858"}],"wp:attachment":[{"href":"https:\/\/www.inq.mx\/ingenieriampv\/wp-json\/wp\/v2\/media?parent=9717"}],"curies":[{"name":"wp","href":"https:\/\/api.w.org\/{rel}","templated":true}]}}