{"id":3020,"date":"2024-11-01T01:40:45","date_gmt":"2024-11-01T01:40:45","guid":{"rendered":"http:\/\/www.inq.mx\/ttx\/?page_id=3020"},"modified":"2025-01-13T17:15:05","modified_gmt":"2025-01-13T17:15:05","slug":"patines-de-bomba","status":"publish","type":"page","link":"http:\/\/www.inq.mx\/ttx\/ttx-environmental\/sistemas-de-tratamiento-de-aguas-residuales\/patines-de-bomba\/","title":{"rendered":"Patines de Bomba"},"content":{"rendered":"\t\t<div data-elementor-type=\"wp-page\" data-elementor-id=\"3020\" class=\"elementor elementor-3020\" data-elementor-settings=\"[]\">\n\t\t\t\t\t\t<div class=\"elementor-inner\">\n\t\t\t\t\t\t\t<div class=\"elementor-section-wrap\">\n\t\t\t\t\t\t\t<section class=\"elementor-section elementor-top-section elementor-element elementor-element-43af728c elementor-section-height-min-height elementor-section-boxed elementor-section-height-default elementor-section-items-middle\" data-id=\"43af728c\" data-element_type=\"section\" data-settings=\"{&quot;background_background&quot;:&quot;classic&quot;,&quot;ekit_has_onepagescroll_dot&quot;:&quot;yes&quot;}\">\n\t\t\t\t\t\t\t<div class=\"elementor-background-overlay\"><\/div>\n\t\t\t\t\t\t\t<div class=\"elementor-container elementor-column-gap-wider\">\n\t\t\t\t\t\t\t<div class=\"elementor-row\">\n\t\t\t\t\t<div class=\"elementor-column elementor-col-100 elementor-top-column elementor-element elementor-element-845c828\" data-id=\"845c828\" data-element_type=\"column\">\n\t\t\t<div class=\"elementor-column-wrap elementor-element-populated\">\n\t\t\t\t\t\t\t<div class=\"elementor-widget-wrap\">\n\t\t\t\t\t\t<div class=\"elementor-element elementor-element-4909e2f2 elementor-widget elementor-widget-heading\" data-id=\"4909e2f2\" data-element_type=\"widget\" data-widget_type=\"heading.default\">\n\t\t\t\t<div class=\"elementor-widget-container\">\n\t\t\t<h4 class=\"elementor-heading-title elementor-size-default\"><a href=\"http:\/\/www.inq.mx\/ttx\/ttx-environmental\/sistemas-de-tratamiento-de-aguas-residuales\/\">Sistemas de tratamiento de aguas residuales<\/a><\/h4>\t\t<\/div>\n\t\t\t\t<\/div>\n\t\t\t\t<div class=\"elementor-element elementor-element-f69fe83 elementor-widget elementor-widget-heading\" data-id=\"f69fe83\" data-element_type=\"widget\" data-widget_type=\"heading.default\">\n\t\t\t\t<div class=\"elementor-widget-container\">\n\t\t\t<h1 class=\"elementor-heading-title elementor-size-default\">Bomba sobre patines<\/h1>\t\t<\/div>\n\t\t\t\t<\/div>\n\t\t\t\t\t\t<\/div>\n\t\t\t\t\t<\/div>\n\t\t<\/div>\n\t\t\t\t\t\t\t\t<\/div>\n\t\t\t\t\t<\/div>\n\t\t<\/section>\n\t\t\t\t<section class=\"elementor-section elementor-top-section elementor-element elementor-element-51eaef4e elementor-section-boxed elementor-section-height-default elementor-section-height-default\" data-id=\"51eaef4e\" data-element_type=\"section\" data-settings=\"{&quot;ekit_has_onepagescroll_dot&quot;:&quot;yes&quot;}\">\n\t\t\t\t\t\t<div class=\"elementor-container elementor-column-gap-default\">\n\t\t\t\t\t\t\t<div class=\"elementor-row\">\n\t\t\t\t\t<div class=\"elementor-column elementor-col-100 elementor-top-column elementor-element elementor-element-3b46023a\" data-id=\"3b46023a\" data-element_type=\"column\">\n\t\t\t<div class=\"elementor-column-wrap elementor-element-populated\">\n\t\t\t\t\t\t\t<div class=\"elementor-widget-wrap\">\n\t\t\t\t\t\t<div class=\"elementor-element elementor-element-951bef9 elementor-widget elementor-widget-text-editor\" data-id=\"951bef9\" data-element_type=\"widget\" data-widget_type=\"text-editor.default\">\n\t\t\t\t<div class=\"elementor-widget-container\">\n\t\t\t\t\t<div class=\"elementor-text-editor elementor-clearfix\"><p>TTX Environmental dise\u00f1a, fabrica e instala bombas sobre patines y sistemas de bombeo completos para su uso en diferentes procesos. Las bombas sobre patines de TTX Environmental combinan el equipo de bombeo en una unidad central que est\u00e1 precableada, preconectada y es f\u00e1cil de instalar para su sistema de tratamiento de aguas residuales.<\/p><\/div>\n\t\t\t\t<\/div>\n\t\t\t\t<\/div>\n\t\t\t\t<section class=\"elementor-section elementor-inner-section elementor-element elementor-element-cdd59f9 elementor-section-boxed elementor-section-height-default elementor-section-height-default\" data-id=\"cdd59f9\" data-element_type=\"section\" data-settings=\"{&quot;ekit_has_onepagescroll_dot&quot;:&quot;yes&quot;}\">\n\t\t\t\t\t\t<div class=\"elementor-container elementor-column-gap-default\">\n\t\t\t\t\t\t\t<div class=\"elementor-row\">\n\t\t\t\t\t<div class=\"elementor-column elementor-col-33 elementor-inner-column elementor-element elementor-element-013a9ce\" data-id=\"013a9ce\" data-element_type=\"column\">\n\t\t\t<div class=\"elementor-column-wrap elementor-element-populated\">\n\t\t\t\t\t\t\t<div class=\"elementor-widget-wrap\">\n\t\t\t\t\t\t<div class=\"elementor-element elementor-element-62110f5 elementor-widget elementor-widget-heading\" data-id=\"62110f5\" data-element_type=\"widget\" data-widget_type=\"heading.default\">\n\t\t\t\t<div class=\"elementor-widget-container\">\n\t\t\t<h4 class=\"elementor-heading-title elementor-size-default\">Beneficios<\/h4>\t\t<\/div>\n\t\t\t\t<\/div>\n\t\t\t\t<div class=\"elementor-element elementor-element-5129ae6 elementor-widget-divider--view-line elementor-widget elementor-widget-divider\" data-id=\"5129ae6\" data-element_type=\"widget\" data-widget_type=\"divider.default\">\n\t\t\t\t<div class=\"elementor-widget-container\">\n\t\t\t\t\t<div class=\"elementor-divider\">\n\t\t\t<span class=\"elementor-divider-separator\">\n\t\t\t\t\t\t<\/span>\n\t\t<\/div>\n\t\t\t\t<\/div>\n\t\t\t\t<\/div>\n\t\t\t\t<div class=\"elementor-element elementor-element-b248070 elementor-widget elementor-widget-text-editor\" data-id=\"b248070\" data-element_type=\"widget\" data-widget_type=\"text-editor.default\">\n\t\t\t\t<div class=\"elementor-widget-container\">\n\t\t\t\t\t<div class=\"elementor-text-editor elementor-clearfix\"><p>Dado que las bombas sobre patines de TTX Environmental est\u00e1n precableadas y preconectadas, son f\u00e1ciles de instalar o reemplazar. Empaquetadas en una unidad central son f\u00e1ciles de instalar.<\/p><\/div>\n\t\t\t\t<\/div>\n\t\t\t\t<\/div>\n\t\t\t\t\t\t<\/div>\n\t\t\t\t\t<\/div>\n\t\t<\/div>\n\t\t\t\t<div class=\"elementor-column elementor-col-33 elementor-inner-column elementor-element elementor-element-4bc7155\" data-id=\"4bc7155\" data-element_type=\"column\">\n\t\t\t<div class=\"elementor-column-wrap elementor-element-populated\">\n\t\t\t\t\t\t\t<div class=\"elementor-widget-wrap\">\n\t\t\t\t\t\t<div class=\"elementor-element elementor-element-3ece5f8 elementor-widget elementor-widget-heading\" data-id=\"3ece5f8\" data-element_type=\"widget\" data-widget_type=\"heading.default\">\n\t\t\t\t<div class=\"elementor-widget-container\">\n\t\t\t<h4 class=\"elementor-heading-title elementor-size-default\">Aplicaci\u00f3n pr\u00e1ctica<\/h4>\t\t<\/div>\n\t\t\t\t<\/div>\n\t\t\t\t<div class=\"elementor-element elementor-element-6ed4923 elementor-widget-divider--view-line elementor-widget elementor-widget-divider\" data-id=\"6ed4923\" data-element_type=\"widget\" data-widget_type=\"divider.default\">\n\t\t\t\t<div class=\"elementor-widget-container\">\n\t\t\t\t\t<div class=\"elementor-divider\">\n\t\t\t<span class=\"elementor-divider-separator\">\n\t\t\t\t\t\t<\/span>\n\t\t<\/div>\n\t\t\t\t<\/div>\n\t\t\t\t<\/div>\n\t\t\t\t<div class=\"elementor-element elementor-element-eedf0f7 elementor-widget elementor-widget-text-editor\" data-id=\"eedf0f7\" data-element_type=\"widget\" data-widget_type=\"text-editor.default\">\n\t\t\t\t<div class=\"elementor-widget-container\">\n\t\t\t\t\t<div class=\"elementor-text-editor elementor-clearfix\"><p>Las bombas son el formato preferido para la transferencia de fluidos y se utilizan en una variedad de aplicaciones. Las bombas sobre patines de TTX Environmental ofrecen una instalaci\u00f3n sin complicaciones y est\u00e1n precableadas y prebombeadas para facilitar el proceso.<\/p><\/div>\n\t\t\t\t<\/div>\n\t\t\t\t<\/div>\n\t\t\t\t\t\t<\/div>\n\t\t\t\t\t<\/div>\n\t\t<\/div>\n\t\t\t\t<div class=\"elementor-column elementor-col-33 elementor-inner-column elementor-element elementor-element-184fe93\" data-id=\"184fe93\" data-element_type=\"column\">\n\t\t\t<div class=\"elementor-column-wrap elementor-element-populated\">\n\t\t\t\t\t\t\t<div class=\"elementor-widget-wrap\">\n\t\t\t\t\t\t<div class=\"elementor-element elementor-element-c4a5fe6 elementor-widget elementor-widget-heading\" data-id=\"c4a5fe6\" data-element_type=\"widget\" data-widget_type=\"heading.default\">\n\t\t\t\t<div class=\"elementor-widget-container\">\n\t\t\t<h4 class=\"elementor-heading-title elementor-size-default\">Rentabilidad<\/h4>\t\t<\/div>\n\t\t\t\t<\/div>\n\t\t\t\t<div class=\"elementor-element elementor-element-3dd6d5c elementor-widget-divider--view-line elementor-widget elementor-widget-divider\" data-id=\"3dd6d5c\" data-element_type=\"widget\" data-widget_type=\"divider.default\">\n\t\t\t\t<div class=\"elementor-widget-container\">\n\t\t\t\t\t<div class=\"elementor-divider\">\n\t\t\t<span class=\"elementor-divider-separator\">\n\t\t\t\t\t\t<\/span>\n\t\t<\/div>\n\t\t\t\t<\/div>\n\t\t\t\t<\/div>\n\t\t\t\t<div class=\"elementor-element elementor-element-ee5b462 elementor-widget elementor-widget-text-editor\" data-id=\"ee5b462\" data-element_type=\"widget\" data-widget_type=\"text-editor.default\">\n\t\t\t\t<div class=\"elementor-widget-container\">\n\t\t\t\t\t<div class=\"elementor-text-editor elementor-clearfix\"><p>Las bombas sobre patines de TTX Environmental son f\u00e1ciles de reemplazar y requieren de una m\u00ednima mano de obra para instalarlas y operarlas, lo que las convierte en una soluci\u00f3n efectiva en cuanto a costo beneficio para las necesidades de transferencia de l\u00edquidos de los clientes.<\/p><\/div>\n\t\t\t\t<\/div>\n\t\t\t\t<\/div>\n\t\t\t\t\t\t<\/div>\n\t\t\t\t\t<\/div>\n\t\t<\/div>\n\t\t\t\t\t\t\t\t<\/div>\n\t\t\t\t\t<\/div>\n\t\t<\/section>\n\t\t\t\t\t\t<\/div>\n\t\t\t\t\t<\/div>\n\t\t<\/div>\n\t\t\t\t\t\t\t\t<\/div>\n\t\t\t\t\t<\/div>\n\t\t<\/section>\n\t\t\t\t<section class=\"elementor-section elementor-top-section elementor-element elementor-element-0a458e9 elementor-section-boxed elementor-section-height-default elementor-section-height-default\" data-id=\"0a458e9\" data-element_type=\"section\" data-settings=\"{&quot;ekit_has_onepagescroll_dot&quot;:&quot;yes&quot;}\">\n\t\t\t\t\t\t<div class=\"elementor-container elementor-column-gap-default\">\n\t\t\t\t\t\t\t<div class=\"elementor-row\">\n\t\t\t\t\t<div class=\"elementor-column elementor-col-100 elementor-top-column elementor-element elementor-element-8adc805\" data-id=\"8adc805\" data-element_type=\"column\">\n\t\t\t<div class=\"elementor-column-wrap elementor-element-populated\">\n\t\t\t\t\t\t\t<div class=\"elementor-widget-wrap\">\n\t\t\t\t\t\t<div class=\"elementor-element elementor-element-72010c2 elementor-widget elementor-widget-image-gallery\" data-id=\"72010c2\" data-element_type=\"widget\" data-widget_type=\"image-gallery.default\">\n\t\t\t\t<div class=\"elementor-widget-container\">\n\t\t\t\t\t<div class=\"elementor-image-gallery\">\n\t\t\t\n\t\t<style type=\"text\/css\">\n\t\t\t#gallery-1 {\n\t\t\t\tmargin: auto;\n\t\t\t}\n\t\t\t#gallery-1 .gallery-item {\n\t\t\t\tfloat: left;\n\t\t\t\tmargin-top: 10px;\n\t\t\t\ttext-align: center;\n\t\t\t\twidth: 25%;\n\t\t\t}\n\t\t\t#gallery-1 img {\n\t\t\t\tborder: 2px solid #cfcfcf;\n\t\t\t}\n\t\t\t#gallery-1 .gallery-caption {\n\t\t\t\tmargin-left: 0;\n\t\t\t}\n\t\t\t\/* see gallery_shortcode() in wp-includes\/media.php *\/\n\t\t<\/style>\n\t\t<div id='gallery-1' class='gallery galleryid-3020 gallery-columns-4 gallery-size-full'><dl class='gallery-item'>\n\t\t\t<dt class='gallery-icon landscape'>\n\t\t\t\t<a data-elementor-open-lightbox=\"yes\" data-elementor-lightbox-slideshow=\"72010c2\" data-elementor-lightbox-title=\"patines1\" href='http:\/\/www.inq.mx\/ttx\/wp-content\/uploads\/2024\/11\/patines1.jpg'><img width=\"1272\" height=\"1090\" src=\"http:\/\/www.inq.mx\/ttx\/wp-content\/uploads\/2024\/11\/patines1.jpg\" class=\"attachment-full size-full\" alt=\"\" loading=\"lazy\" srcset=\"http:\/\/www.inq.mx\/ttx\/wp-content\/uploads\/2024\/11\/patines1.jpg 1272w, http:\/\/www.inq.mx\/ttx\/wp-content\/uploads\/2024\/11\/patines1-300x257.jpg 300w, http:\/\/www.inq.mx\/ttx\/wp-content\/uploads\/2024\/11\/patines1-1024x877.jpg 1024w, http:\/\/www.inq.mx\/ttx\/wp-content\/uploads\/2024\/11\/patines1-768x658.jpg 768w\" sizes=\"(max-width: 1272px) 100vw, 1272px\" \/><\/a>\n\t\t\t<\/dt><\/dl><dl class='gallery-item'>\n\t\t\t<dt class='gallery-icon portrait'>\n\t\t\t\t<a data-elementor-open-lightbox=\"yes\" data-elementor-lightbox-slideshow=\"72010c2\" data-elementor-lightbox-title=\"patines2\" href='http:\/\/www.inq.mx\/ttx\/wp-content\/uploads\/2024\/11\/patines2.jpg'><img width=\"649\" height=\"991\" src=\"http:\/\/www.inq.mx\/ttx\/wp-content\/uploads\/2024\/11\/patines2.jpg\" class=\"attachment-full size-full\" alt=\"\" loading=\"lazy\" srcset=\"http:\/\/www.inq.mx\/ttx\/wp-content\/uploads\/2024\/11\/patines2.jpg 649w, http:\/\/www.inq.mx\/ttx\/wp-content\/uploads\/2024\/11\/patines2-196x300.jpg 196w\" sizes=\"(max-width: 649px) 100vw, 649px\" \/><\/a>\n\t\t\t<\/dt><\/dl><dl class='gallery-item'>\n\t\t\t<dt class='gallery-icon portrait'>\n\t\t\t\t<a data-elementor-open-lightbox=\"yes\" data-elementor-lightbox-slideshow=\"72010c2\" data-elementor-lightbox-title=\"patines3\" href='http:\/\/www.inq.mx\/ttx\/wp-content\/uploads\/2024\/11\/patines3.jpg'><img width=\"933\" height=\"1400\" src=\"http:\/\/www.inq.mx\/ttx\/wp-content\/uploads\/2024\/11\/patines3.jpg\" class=\"attachment-full size-full\" alt=\"\" loading=\"lazy\" srcset=\"http:\/\/www.inq.mx\/ttx\/wp-content\/uploads\/2024\/11\/patines3.jpg 933w, http:\/\/www.inq.mx\/ttx\/wp-content\/uploads\/2024\/11\/patines3-200x300.jpg 200w, http:\/\/www.inq.mx\/ttx\/wp-content\/uploads\/2024\/11\/patines3-682x1024.jpg 682w, http:\/\/www.inq.mx\/ttx\/wp-content\/uploads\/2024\/11\/patines3-768x1152.jpg 768w\" sizes=\"(max-width: 933px) 100vw, 933px\" \/><\/a>\n\t\t\t<\/dt><\/dl><dl class='gallery-item'>\n\t\t\t<dt class='gallery-icon portrait'>\n\t\t\t\t<a data-elementor-open-lightbox=\"yes\" data-elementor-lightbox-slideshow=\"72010c2\" data-elementor-lightbox-title=\"patines4\" href='http:\/\/www.inq.mx\/ttx\/wp-content\/uploads\/2024\/11\/patines4.jpg'><img width=\"1004\" height=\"1400\" src=\"http:\/\/www.inq.mx\/ttx\/wp-content\/uploads\/2024\/11\/patines4.jpg\" class=\"attachment-full size-full\" alt=\"\" loading=\"lazy\" srcset=\"http:\/\/www.inq.mx\/ttx\/wp-content\/uploads\/2024\/11\/patines4.jpg 1004w, http:\/\/www.inq.mx\/ttx\/wp-content\/uploads\/2024\/11\/patines4-215x300.jpg 215w, http:\/\/www.inq.mx\/ttx\/wp-content\/uploads\/2024\/11\/patines4-734x1024.jpg 734w, http:\/\/www.inq.mx\/ttx\/wp-content\/uploads\/2024\/11\/patines4-768x1071.jpg 768w\" sizes=\"(max-width: 1004px) 100vw, 1004px\" \/><\/a>\n\t\t\t<\/dt><\/dl><br style=\"clear: both\" \/><dl class='gallery-item'>\n\t\t\t<dt class='gallery-icon landscape'>\n\t\t\t\t<a data-elementor-open-lightbox=\"yes\" data-elementor-lightbox-slideshow=\"72010c2\" data-elementor-lightbox-title=\"patines5\" href='http:\/\/www.inq.mx\/ttx\/wp-content\/uploads\/2024\/11\/patines5.jpg'><img width=\"1400\" height=\"930\" src=\"http:\/\/www.inq.mx\/ttx\/wp-content\/uploads\/2024\/11\/patines5.jpg\" class=\"attachment-full size-full\" alt=\"\" loading=\"lazy\" srcset=\"http:\/\/www.inq.mx\/ttx\/wp-content\/uploads\/2024\/11\/patines5.jpg 1400w, http:\/\/www.inq.mx\/ttx\/wp-content\/uploads\/2024\/11\/patines5-300x199.jpg 300w, http:\/\/www.inq.mx\/ttx\/wp-content\/uploads\/2024\/11\/patines5-1024x680.jpg 1024w, http:\/\/www.inq.mx\/ttx\/wp-content\/uploads\/2024\/11\/patines5-768x510.jpg 768w\" sizes=\"(max-width: 1400px) 100vw, 1400px\" \/><\/a>\n\t\t\t<\/dt><\/dl><dl class='gallery-item'>\n\t\t\t<dt class='gallery-icon portrait'>\n\t\t\t\t<a data-elementor-open-lightbox=\"yes\" data-elementor-lightbox-slideshow=\"72010c2\" data-elementor-lightbox-title=\"patines6\" href='http:\/\/www.inq.mx\/ttx\/wp-content\/uploads\/2024\/11\/patines6.jpg'><img width=\"975\" height=\"1399\" src=\"http:\/\/www.inq.mx\/ttx\/wp-content\/uploads\/2024\/11\/patines6.jpg\" class=\"attachment-full size-full\" alt=\"\" loading=\"lazy\" srcset=\"http:\/\/www.inq.mx\/ttx\/wp-content\/uploads\/2024\/11\/patines6.jpg 975w, http:\/\/www.inq.mx\/ttx\/wp-content\/uploads\/2024\/11\/patines6-209x300.jpg 209w, http:\/\/www.inq.mx\/ttx\/wp-content\/uploads\/2024\/11\/patines6-714x1024.jpg 714w, http:\/\/www.inq.mx\/ttx\/wp-content\/uploads\/2024\/11\/patines6-768x1102.jpg 768w\" sizes=\"(max-width: 975px) 100vw, 975px\" \/><\/a>\n\t\t\t<\/dt><\/dl><dl class='gallery-item'>\n\t\t\t<dt class='gallery-icon landscape'>\n\t\t\t\t<a data-elementor-open-lightbox=\"yes\" data-elementor-lightbox-slideshow=\"72010c2\" data-elementor-lightbox-title=\"patines7\" href='http:\/\/www.inq.mx\/ttx\/wp-content\/uploads\/2024\/11\/patines7.jpg'><img width=\"1090\" height=\"1090\" src=\"http:\/\/www.inq.mx\/ttx\/wp-content\/uploads\/2024\/11\/patines7.jpg\" class=\"attachment-full size-full\" alt=\"\" loading=\"lazy\" srcset=\"http:\/\/www.inq.mx\/ttx\/wp-content\/uploads\/2024\/11\/patines7.jpg 1090w, http:\/\/www.inq.mx\/ttx\/wp-content\/uploads\/2024\/11\/patines7-300x300.jpg 300w, http:\/\/www.inq.mx\/ttx\/wp-content\/uploads\/2024\/11\/patines7-1024x1024.jpg 1024w, http:\/\/www.inq.mx\/ttx\/wp-content\/uploads\/2024\/11\/patines7-150x150.jpg 150w, http:\/\/www.inq.mx\/ttx\/wp-content\/uploads\/2024\/11\/patines7-768x768.jpg 768w\" sizes=\"(max-width: 1090px) 100vw, 1090px\" \/><\/a>\n\t\t\t<\/dt><\/dl>\n\t\t\t<br style='clear: both' \/>\n\t\t<\/div>\n\t\t<\/div>\n\t\t\t\t<\/div>\n\t\t\t\t<\/div>\n\t\t\t\t\t\t<\/div>\n\t\t\t\t\t<\/div>\n\t\t<\/div>\n\t\t\t\t\t\t\t\t<\/div>\n\t\t\t\t\t<\/div>\n\t\t<\/section>\n\t\t\t\t<section class=\"elementor-section elementor-top-section elementor-element elementor-element-4fe5d931 elementor-section-boxed elementor-section-height-default elementor-section-height-default\" data-id=\"4fe5d931\" data-element_type=\"section\" data-settings=\"{&quot;ekit_has_onepagescroll_dot&quot;:&quot;yes&quot;}\">\n\t\t\t\t\t\t<div class=\"elementor-container elementor-column-gap-no\">\n\t\t\t\t\t\t\t<div class=\"elementor-row\">\n\t\t\t\t\t<div class=\"elementor-column elementor-col-100 elementor-top-column elementor-element elementor-element-6786c80a\" data-id=\"6786c80a\" data-element_type=\"column\">\n\t\t\t<div class=\"elementor-column-wrap elementor-element-populated\">\n\t\t\t\t\t\t\t<div class=\"elementor-widget-wrap\">\n\t\t\t\t\t\t<div class=\"elementor-element elementor-element-3bb62c66 elementor-widget-divider--view-line elementor-widget elementor-widget-divider\" data-id=\"3bb62c66\" data-element_type=\"widget\" data-widget_type=\"divider.default\">\n\t\t\t\t<div class=\"elementor-widget-container\">\n\t\t\t\t\t<div class=\"elementor-divider\">\n\t\t\t<span class=\"elementor-divider-separator\">\n\t\t\t\t\t\t<\/span>\n\t\t<\/div>\n\t\t\t\t<\/div>\n\t\t\t\t<\/div>\n\t\t\t\t\t\t<\/div>\n\t\t\t\t\t<\/div>\n\t\t<\/div>\n\t\t\t\t\t\t\t\t<\/div>\n\t\t\t\t\t<\/div>\n\t\t<\/section>\n\t\t\t\t<section class=\"elementor-section elementor-top-section elementor-element elementor-element-5dfd5c11 elementor-section-height-min-height elementor-section-boxed elementor-section-height-default elementor-section-items-middle\" data-id=\"5dfd5c11\" data-element_type=\"section\" data-settings=\"{&quot;background_background&quot;:&quot;classic&quot;,&quot;ekit_has_onepagescroll_dot&quot;:&quot;yes&quot;}\">\n\t\t\t\t\t\t\t<div class=\"elementor-background-overlay\"><\/div>\n\t\t\t\t\t\t\t<div class=\"elementor-container elementor-column-gap-wider\">\n\t\t\t\t\t\t\t<div class=\"elementor-row\">\n\t\t\t\t\t<div class=\"elementor-column elementor-col-33 elementor-top-column elementor-element elementor-element-141a2889\" data-id=\"141a2889\" data-element_type=\"column\">\n\t\t\t<div class=\"elementor-column-wrap\">\n\t\t\t\t\t\t\t<div class=\"elementor-widget-wrap\">\n\t\t\t\t\t\t\t\t<\/div>\n\t\t\t\t\t<\/div>\n\t\t<\/div>\n\t\t\t\t<div class=\"elementor-column elementor-col-33 elementor-top-column elementor-element elementor-element-1b5b4131\" data-id=\"1b5b4131\" data-element_type=\"column\">\n\t\t\t<div class=\"elementor-column-wrap elementor-element-populated\">\n\t\t\t\t\t\t\t<div class=\"elementor-widget-wrap\">\n\t\t\t\t\t\t<div class=\"elementor-element elementor-element-5e59bb42 elementor-widget elementor-widget-heading\" data-id=\"5e59bb42\" data-element_type=\"widget\" data-widget_type=\"heading.default\">\n\t\t\t\t<div class=\"elementor-widget-container\">\n\t\t\t<h2 class=\"elementor-heading-title elementor-size-default\">Empecemos a trabajar<\/h2>\t\t<\/div>\n\t\t\t\t<\/div>\n\t\t\t\t<div class=\"elementor-element elementor-element-723ad960 elementor-widget__width-auto elementor-widget elementor-widget-button\" data-id=\"723ad960\" data-element_type=\"widget\" data-widget_type=\"button.default\">\n\t\t\t\t<div class=\"elementor-widget-container\">\n\t\t\t\t\t<div class=\"elementor-button-wrapper\">\n\t\t\t<a href=\"http:\/\/www.inq.mx\/ttx\/contact\/\" class=\"elementor-button-link elementor-button elementor-size-lg elementor-animation-grow\" role=\"button\">\n\t\t\t\t\t\t<span class=\"elementor-button-content-wrapper\">\n\t\t\t\t\t\t<span class=\"elementor-button-icon elementor-align-icon-right\">\n\t\t\t\t<i aria-hidden=\"true\" class=\"icon icon-right-arrow\"><\/i>\t\t\t<\/span>\n\t\t\t\t\t\t<span class=\"elementor-button-text\">Vamos<\/span>\n\t\t<\/span>\n\t\t\t\t\t<\/a>\n\t\t<\/div>\n\t\t\t\t<\/div>\n\t\t\t\t<\/div>\n\t\t\t\t\t\t<\/div>\n\t\t\t\t\t<\/div>\n\t\t<\/div>\n\t\t\t\t<div class=\"elementor-column elementor-col-33 elementor-top-column elementor-element elementor-element-5b33760c\" data-id=\"5b33760c\" data-element_type=\"column\">\n\t\t\t<div class=\"elementor-column-wrap\">\n\t\t\t\t\t\t\t<div class=\"elementor-widget-wrap\">\n\t\t\t\t\t\t\t\t<\/div>\n\t\t\t\t\t<\/div>\n\t\t<\/div>\n\t\t\t\t\t\t\t\t<\/div>\n\t\t\t\t\t<\/div>\n\t\t<\/section>\n\t\t\t\t\t\t<\/div>\n\t\t\t\t\t\t<\/div>\n\t\t\t\t\t<\/div>\n\t\t","protected":false},"excerpt":{"rendered":"<p>Sistemas de tratamiento de aguas residuales Bomba sobre patines TTX Environmental dise\u00f1a, fabrica e instala bombas sobre patines y sistemas de bombeo completos para su uso en diferentes procesos. Las bombas sobre patines de TTX Environmental combinan el equipo de bombeo en una unidad central que est\u00e1 precableada, preconectada y es f\u00e1cil de instalar para [&hellip;]<\/p>\n","protected":false},"author":1,"featured_media":0,"parent":2899,"menu_order":0,"comment_status":"closed","ping_status":"closed","template":"elementor_header_footer","meta":[],"_links":{"self":[{"href":"http:\/\/www.inq.mx\/ttx\/wp-json\/wp\/v2\/pages\/3020"}],"collection":[{"href":"http:\/\/www.inq.mx\/ttx\/wp-json\/wp\/v2\/pages"}],"about":[{"href":"http:\/\/www.inq.mx\/ttx\/wp-json\/wp\/v2\/types\/page"}],"author":[{"embeddable":true,"href":"http:\/\/www.inq.mx\/ttx\/wp-json\/wp\/v2\/users\/1"}],"replies":[{"embeddable":true,"href":"http:\/\/www.inq.mx\/ttx\/wp-json\/wp\/v2\/comments?post=3020"}],"version-history":[{"count":28,"href":"http:\/\/www.inq.mx\/ttx\/wp-json\/wp\/v2\/pages\/3020\/revisions"}],"predecessor-version":[{"id":3152,"href":"http:\/\/www.inq.mx\/ttx\/wp-json\/wp\/v2\/pages\/3020\/revisions\/3152"}],"up":[{"embeddable":true,"href":"http:\/\/www.inq.mx\/ttx\/wp-json\/wp\/v2\/pages\/2899"}],"wp:attachment":[{"href":"http:\/\/www.inq.mx\/ttx\/wp-json\/wp\/v2\/media?parent=3020"}],"curies":[{"name":"wp","href":"https:\/\/api.w.org\/{rel}","templated":true}]}}