{"id":2826,"date":"2024-10-30T22:39:41","date_gmt":"2024-10-30T22:39:41","guid":{"rendered":"http:\/\/www.inq.mx\/ttx\/?page_id=2826"},"modified":"2025-01-13T17:19:04","modified_gmt":"2025-01-13T17:19:04","slug":"unidades-de-eliminacion-de-hierro","status":"publish","type":"page","link":"http:\/\/www.inq.mx\/ttx\/ttx-environmental\/unidades-de-eliminacion-de-hierro\/","title":{"rendered":"Unidades de remoci\u00f3n de hierro"},"content":{"rendered":"\t\t<div data-elementor-type=\"wp-page\" data-elementor-id=\"2826\" class=\"elementor elementor-2826\" data-elementor-settings=\"[]\">\n\t\t\t\t\t\t<div class=\"elementor-inner\">\n\t\t\t\t\t\t\t<div class=\"elementor-section-wrap\">\n\t\t\t\t\t\t\t<section class=\"elementor-section elementor-top-section elementor-element elementor-element-43af728c elementor-section-height-min-height elementor-section-boxed elementor-section-height-default elementor-section-items-middle\" data-id=\"43af728c\" data-element_type=\"section\" data-settings=\"{&quot;background_background&quot;:&quot;classic&quot;,&quot;ekit_has_onepagescroll_dot&quot;:&quot;yes&quot;}\">\n\t\t\t\t\t\t\t<div class=\"elementor-background-overlay\"><\/div>\n\t\t\t\t\t\t\t<div class=\"elementor-container elementor-column-gap-wider\">\n\t\t\t\t\t\t\t<div class=\"elementor-row\">\n\t\t\t\t\t<div class=\"elementor-column elementor-col-100 elementor-top-column elementor-element elementor-element-845c828\" data-id=\"845c828\" data-element_type=\"column\">\n\t\t\t<div class=\"elementor-column-wrap elementor-element-populated\">\n\t\t\t\t\t\t\t<div class=\"elementor-widget-wrap\">\n\t\t\t\t\t\t<div class=\"elementor-element elementor-element-4909e2f2 elementor-widget elementor-widget-heading\" data-id=\"4909e2f2\" data-element_type=\"widget\" data-widget_type=\"heading.default\">\n\t\t\t\t<div class=\"elementor-widget-container\">\n\t\t\t<h4 class=\"elementor-heading-title elementor-size-default\"><a href=\"http:\/\/www.inq.mx\/ttx\/ttx-environmental\/\">TTX Environmental<\/a><\/h4>\t\t<\/div>\n\t\t\t\t<\/div>\n\t\t\t\t<div class=\"elementor-element elementor-element-f69fe83 elementor-widget elementor-widget-heading\" data-id=\"f69fe83\" data-element_type=\"widget\" data-widget_type=\"heading.default\">\n\t\t\t\t<div class=\"elementor-widget-container\">\n\t\t\t<h1 class=\"elementor-heading-title elementor-size-default\">Unidades de eliminaci\u00f3n de hierro<\/h1>\t\t<\/div>\n\t\t\t\t<\/div>\n\t\t\t\t\t\t<\/div>\n\t\t\t\t\t<\/div>\n\t\t<\/div>\n\t\t\t\t\t\t\t\t<\/div>\n\t\t\t\t\t<\/div>\n\t\t<\/section>\n\t\t\t\t<section class=\"elementor-section elementor-top-section elementor-element elementor-element-51eaef4e elementor-section-boxed elementor-section-height-default elementor-section-height-default\" data-id=\"51eaef4e\" data-element_type=\"section\" data-settings=\"{&quot;ekit_has_onepagescroll_dot&quot;:&quot;yes&quot;}\">\n\t\t\t\t\t\t<div class=\"elementor-container elementor-column-gap-default\">\n\t\t\t\t\t\t\t<div class=\"elementor-row\">\n\t\t\t\t\t<div class=\"elementor-column elementor-col-100 elementor-top-column elementor-element elementor-element-3b46023a\" data-id=\"3b46023a\" data-element_type=\"column\">\n\t\t\t<div class=\"elementor-column-wrap elementor-element-populated\">\n\t\t\t\t\t\t\t<div class=\"elementor-widget-wrap\">\n\t\t\t\t\t\t<div class=\"elementor-element elementor-element-951bef9 elementor-widget elementor-widget-text-editor\" data-id=\"951bef9\" data-element_type=\"widget\" data-widget_type=\"text-editor.default\">\n\t\t\t\t<div class=\"elementor-widget-container\">\n\t\t\t\t\t<div class=\"elementor-text-editor elementor-clearfix\"><p>Las unidades de remoci\u00f3n de hierro de TTX Environmental no solo eliminan los metales disueltos de la soluci\u00f3n de decapado, sino que tambi\u00e9n restauran simult\u00e1neamente el contenido de \u00e1cido a la concentraci\u00f3n operativa adecuada. Los sistemas de recuperaci\u00f3n de \u00e1cido ya no se consideran un sistema opcional o perif\u00e9rico y las unidades de remoci\u00f3n de hierro de TTX Environmental pueden representar un enorme ahorro de costos para la operaci\u00f3n de un cliente. Al utilizar el proceso de intercambio i\u00f3nico para eliminar las acumulaciones de hierro disuelto causadas por el decapado de acero en su sistema de tratamiento de aguas residuales, los sistemas de eliminaci\u00f3n de hierro de TTX Environmental permiten que el \u00e1cido se reutilice indefinidamente.<\/p><h5><strong>Caracter\u00edsticas:<\/strong><\/h5><ul><li>Sistemas simplex, d\u00faplex o tr\u00edplex<\/li><li>Se pueden utilizar con \u00e1cido c\u00edtrico o fosf\u00f3rico<\/li><li>Se montan sobre patines para una f\u00e1cil instalaci\u00f3n<\/li><\/ul><\/div>\n\t\t\t\t<\/div>\n\t\t\t\t<\/div>\n\t\t\t\t<section class=\"elementor-section elementor-inner-section elementor-element elementor-element-edc6fe4 elementor-section-boxed elementor-section-height-default elementor-section-height-default\" data-id=\"edc6fe4\" data-element_type=\"section\" data-settings=\"{&quot;ekit_has_onepagescroll_dot&quot;:&quot;yes&quot;}\">\n\t\t\t\t\t\t<div class=\"elementor-container elementor-column-gap-default\">\n\t\t\t\t\t\t\t<div class=\"elementor-row\">\n\t\t\t\t\t<div class=\"elementor-column elementor-col-33 elementor-inner-column elementor-element elementor-element-98e78cc\" data-id=\"98e78cc\" data-element_type=\"column\">\n\t\t\t<div class=\"elementor-column-wrap elementor-element-populated\">\n\t\t\t\t\t\t\t<div class=\"elementor-widget-wrap\">\n\t\t\t\t\t\t<div class=\"elementor-element elementor-element-03309d9 elementor-widget elementor-widget-heading\" data-id=\"03309d9\" data-element_type=\"widget\" data-widget_type=\"heading.default\">\n\t\t\t\t<div class=\"elementor-widget-container\">\n\t\t\t<h4 class=\"elementor-heading-title elementor-size-default\">Beneficios<\/h4>\t\t<\/div>\n\t\t\t\t<\/div>\n\t\t\t\t<div class=\"elementor-element elementor-element-8ffb6b3 elementor-widget-divider--view-line elementor-widget elementor-widget-divider\" data-id=\"8ffb6b3\" data-element_type=\"widget\" data-widget_type=\"divider.default\">\n\t\t\t\t<div class=\"elementor-widget-container\">\n\t\t\t\t\t<div class=\"elementor-divider\">\n\t\t\t<span class=\"elementor-divider-separator\">\n\t\t\t\t\t\t<\/span>\n\t\t<\/div>\n\t\t\t\t<\/div>\n\t\t\t\t<\/div>\n\t\t\t\t<div class=\"elementor-element elementor-element-16bd5fb elementor-widget elementor-widget-text-editor\" data-id=\"16bd5fb\" data-element_type=\"widget\" data-widget_type=\"text-editor.default\">\n\t\t\t\t<div class=\"elementor-widget-container\">\n\t\t\t\t\t<div class=\"elementor-text-editor elementor-clearfix\"><p>Configurados para satisfacer sus necesidades de producci\u00f3n, los sistemas simplex, d\u00faplex y triplex pueden venir con prefiltros montados sobre patines y bombas de suministro que satisfacen los requisitos de prefiltraci\u00f3n de su planta. Los sistemas de remoci\u00f3n de hierro de TTX Environmental ofrecen un buen retorno de su inversi\u00f3n y reducen los costos de materia prima, los costos de eliminaci\u00f3n de desechos y los requisitos de almacenamiento.<\/p><\/div>\n\t\t\t\t<\/div>\n\t\t\t\t<\/div>\n\t\t\t\t\t\t<\/div>\n\t\t\t\t\t<\/div>\n\t\t<\/div>\n\t\t\t\t<div class=\"elementor-column elementor-col-33 elementor-inner-column elementor-element elementor-element-1d32aad\" data-id=\"1d32aad\" data-element_type=\"column\">\n\t\t\t<div class=\"elementor-column-wrap elementor-element-populated\">\n\t\t\t\t\t\t\t<div class=\"elementor-widget-wrap\">\n\t\t\t\t\t\t<div class=\"elementor-element elementor-element-b6181bc elementor-widget elementor-widget-heading\" data-id=\"b6181bc\" data-element_type=\"widget\" data-widget_type=\"heading.default\">\n\t\t\t\t<div class=\"elementor-widget-container\">\n\t\t\t<h4 class=\"elementor-heading-title elementor-size-default\">Aplicaci\u00f3n pr\u00e1ctica<\/h4>\t\t<\/div>\n\t\t\t\t<\/div>\n\t\t\t\t<div class=\"elementor-element elementor-element-50cbabc elementor-widget-divider--view-line elementor-widget elementor-widget-divider\" data-id=\"50cbabc\" data-element_type=\"widget\" data-widget_type=\"divider.default\">\n\t\t\t\t<div class=\"elementor-widget-container\">\n\t\t\t\t\t<div class=\"elementor-divider\">\n\t\t\t<span class=\"elementor-divider-separator\">\n\t\t\t\t\t\t<\/span>\n\t\t<\/div>\n\t\t\t\t<\/div>\n\t\t\t\t<\/div>\n\t\t\t\t<div class=\"elementor-element elementor-element-49f1ab9 elementor-widget elementor-widget-text-editor\" data-id=\"49f1ab9\" data-element_type=\"widget\" data-widget_type=\"text-editor.default\">\n\t\t\t\t<div class=\"elementor-widget-container\">\n\t\t\t\t\t<div class=\"elementor-text-editor elementor-clearfix\"><p>TTX Environmental construye sistemas de reciclaje de decapado con \u00e1cido, para ser utilizados con \u00e1cido sulf\u00farico, c\u00edtrico, clorh\u00eddrico y fosf\u00f3rico.<\/p><\/div>\n\t\t\t\t<\/div>\n\t\t\t\t<\/div>\n\t\t\t\t\t\t<\/div>\n\t\t\t\t\t<\/div>\n\t\t<\/div>\n\t\t\t\t<div class=\"elementor-column elementor-col-33 elementor-inner-column elementor-element elementor-element-a0b8d68\" data-id=\"a0b8d68\" data-element_type=\"column\">\n\t\t\t<div class=\"elementor-column-wrap elementor-element-populated\">\n\t\t\t\t\t\t\t<div class=\"elementor-widget-wrap\">\n\t\t\t\t\t\t<div class=\"elementor-element elementor-element-0d72364 elementor-widget elementor-widget-heading\" data-id=\"0d72364\" data-element_type=\"widget\" data-widget_type=\"heading.default\">\n\t\t\t\t<div class=\"elementor-widget-container\">\n\t\t\t<h4 class=\"elementor-heading-title elementor-size-default\">Rentabilidad<\/h4>\t\t<\/div>\n\t\t\t\t<\/div>\n\t\t\t\t<div class=\"elementor-element elementor-element-4089609 elementor-widget-divider--view-line elementor-widget elementor-widget-divider\" data-id=\"4089609\" data-element_type=\"widget\" data-widget_type=\"divider.default\">\n\t\t\t\t<div class=\"elementor-widget-container\">\n\t\t\t\t\t<div class=\"elementor-divider\">\n\t\t\t<span class=\"elementor-divider-separator\">\n\t\t\t\t\t\t<\/span>\n\t\t<\/div>\n\t\t\t\t<\/div>\n\t\t\t\t<\/div>\n\t\t\t\t<div class=\"elementor-element elementor-element-175196a elementor-widget elementor-widget-text-editor\" data-id=\"175196a\" data-element_type=\"widget\" data-widget_type=\"text-editor.default\">\n\t\t\t\t<div class=\"elementor-widget-container\">\n\t\t\t\t\t<div class=\"elementor-text-editor elementor-clearfix\"><p>Al reciclar el ba\u00f1o de decapado, se ahorra dinero y se evitan los costos de mantenimiento. Es posible que nunca m\u00e1s tenga que deshacerse del \u00e1cido. La recuperaci\u00f3n del \u00e1cido minimiza los costos de la eliminaci\u00f3n de desechos de su empresa, lo que reduce el volumen de desechos hasta en un 95 por ciento.<\/p><\/div>\n\t\t\t\t<\/div>\n\t\t\t\t<\/div>\n\t\t\t\t\t\t<\/div>\n\t\t\t\t\t<\/div>\n\t\t<\/div>\n\t\t\t\t\t\t\t\t<\/div>\n\t\t\t\t\t<\/div>\n\t\t<\/section>\n\t\t\t\t\t\t<\/div>\n\t\t\t\t\t<\/div>\n\t\t<\/div>\n\t\t\t\t\t\t\t\t<\/div>\n\t\t\t\t\t<\/div>\n\t\t<\/section>\n\t\t\t\t<section class=\"elementor-section elementor-top-section elementor-element elementor-element-0a458e9 elementor-section-boxed elementor-section-height-default elementor-section-height-default\" data-id=\"0a458e9\" data-element_type=\"section\" data-settings=\"{&quot;ekit_has_onepagescroll_dot&quot;:&quot;yes&quot;}\">\n\t\t\t\t\t\t<div class=\"elementor-container elementor-column-gap-default\">\n\t\t\t\t\t\t\t<div class=\"elementor-row\">\n\t\t\t\t\t<div class=\"elementor-column elementor-col-100 elementor-top-column elementor-element elementor-element-8adc805\" data-id=\"8adc805\" data-element_type=\"column\">\n\t\t\t<div class=\"elementor-column-wrap elementor-element-populated\">\n\t\t\t\t\t\t\t<div class=\"elementor-widget-wrap\">\n\t\t\t\t\t\t<div class=\"elementor-element elementor-element-72010c2 elementor-widget elementor-widget-image-gallery\" data-id=\"72010c2\" data-element_type=\"widget\" data-widget_type=\"image-gallery.default\">\n\t\t\t\t<div class=\"elementor-widget-container\">\n\t\t\t\t\t<div class=\"elementor-image-gallery\">\n\t\t\t\n\t\t<style type=\"text\/css\">\n\t\t\t#gallery-1 {\n\t\t\t\tmargin: auto;\n\t\t\t}\n\t\t\t#gallery-1 .gallery-item {\n\t\t\t\tfloat: left;\n\t\t\t\tmargin-top: 10px;\n\t\t\t\ttext-align: center;\n\t\t\t\twidth: 25%;\n\t\t\t}\n\t\t\t#gallery-1 img {\n\t\t\t\tborder: 2px solid #cfcfcf;\n\t\t\t}\n\t\t\t#gallery-1 .gallery-caption {\n\t\t\t\tmargin-left: 0;\n\t\t\t}\n\t\t\t\/* see gallery_shortcode() in wp-includes\/media.php *\/\n\t\t<\/style>\n\t\t<div id='gallery-1' class='gallery galleryid-2826 gallery-columns-4 gallery-size-full'><dl class='gallery-item'>\n\t\t\t<dt class='gallery-icon portrait'>\n\t\t\t\t<a data-elementor-open-lightbox=\"yes\" data-elementor-lightbox-slideshow=\"72010c2\" data-elementor-lightbox-title=\"eliminacionhierro9\" href='http:\/\/www.inq.mx\/ttx\/wp-content\/uploads\/2024\/10\/eliminacionhierro9.jpg'><img width=\"1091\" height=\"1400\" src=\"http:\/\/www.inq.mx\/ttx\/wp-content\/uploads\/2024\/10\/eliminacionhierro9.jpg\" class=\"attachment-full size-full\" alt=\"\" loading=\"lazy\" srcset=\"http:\/\/www.inq.mx\/ttx\/wp-content\/uploads\/2024\/10\/eliminacionhierro9.jpg 1091w, http:\/\/www.inq.mx\/ttx\/wp-content\/uploads\/2024\/10\/eliminacionhierro9-234x300.jpg 234w, http:\/\/www.inq.mx\/ttx\/wp-content\/uploads\/2024\/10\/eliminacionhierro9-798x1024.jpg 798w, http:\/\/www.inq.mx\/ttx\/wp-content\/uploads\/2024\/10\/eliminacionhierro9-768x986.jpg 768w\" sizes=\"(max-width: 1091px) 100vw, 1091px\" \/><\/a>\n\t\t\t<\/dt><\/dl><dl class='gallery-item'>\n\t\t\t<dt class='gallery-icon landscape'>\n\t\t\t\t<a data-elementor-open-lightbox=\"yes\" data-elementor-lightbox-slideshow=\"72010c2\" data-elementor-lightbox-title=\"eliminacionhierro5\" href='http:\/\/www.inq.mx\/ttx\/wp-content\/uploads\/2024\/10\/eliminacionhierro5.jpg'><img width=\"1400\" height=\"1091\" src=\"http:\/\/www.inq.mx\/ttx\/wp-content\/uploads\/2024\/10\/eliminacionhierro5.jpg\" class=\"attachment-full size-full\" alt=\"\" loading=\"lazy\" srcset=\"http:\/\/www.inq.mx\/ttx\/wp-content\/uploads\/2024\/10\/eliminacionhierro5.jpg 1400w, http:\/\/www.inq.mx\/ttx\/wp-content\/uploads\/2024\/10\/eliminacionhierro5-300x234.jpg 300w, http:\/\/www.inq.mx\/ttx\/wp-content\/uploads\/2024\/10\/eliminacionhierro5-1024x798.jpg 1024w, http:\/\/www.inq.mx\/ttx\/wp-content\/uploads\/2024\/10\/eliminacionhierro5-768x598.jpg 768w\" sizes=\"(max-width: 1400px) 100vw, 1400px\" \/><\/a>\n\t\t\t<\/dt><\/dl><dl class='gallery-item'>\n\t\t\t<dt class='gallery-icon portrait'>\n\t\t\t\t<a data-elementor-open-lightbox=\"yes\" data-elementor-lightbox-slideshow=\"72010c2\" data-elementor-lightbox-title=\"eliminacionhierro3\" href='http:\/\/www.inq.mx\/ttx\/wp-content\/uploads\/2024\/10\/eliminacionhierro3.jpg'><img width=\"1091\" height=\"1400\" src=\"http:\/\/www.inq.mx\/ttx\/wp-content\/uploads\/2024\/10\/eliminacionhierro3.jpg\" class=\"attachment-full size-full\" alt=\"\" loading=\"lazy\" srcset=\"http:\/\/www.inq.mx\/ttx\/wp-content\/uploads\/2024\/10\/eliminacionhierro3.jpg 1091w, http:\/\/www.inq.mx\/ttx\/wp-content\/uploads\/2024\/10\/eliminacionhierro3-234x300.jpg 234w, http:\/\/www.inq.mx\/ttx\/wp-content\/uploads\/2024\/10\/eliminacionhierro3-798x1024.jpg 798w, http:\/\/www.inq.mx\/ttx\/wp-content\/uploads\/2024\/10\/eliminacionhierro3-768x986.jpg 768w\" sizes=\"(max-width: 1091px) 100vw, 1091px\" \/><\/a>\n\t\t\t<\/dt><\/dl><dl class='gallery-item'>\n\t\t\t<dt class='gallery-icon landscape'>\n\t\t\t\t<a data-elementor-open-lightbox=\"yes\" data-elementor-lightbox-slideshow=\"72010c2\" data-elementor-lightbox-title=\"eliminacionhierro2\" href='http:\/\/www.inq.mx\/ttx\/wp-content\/uploads\/2024\/10\/eliminacionhierro2.jpg'><img width=\"1400\" height=\"1091\" src=\"http:\/\/www.inq.mx\/ttx\/wp-content\/uploads\/2024\/10\/eliminacionhierro2.jpg\" class=\"attachment-full size-full\" alt=\"\" loading=\"lazy\" srcset=\"http:\/\/www.inq.mx\/ttx\/wp-content\/uploads\/2024\/10\/eliminacionhierro2.jpg 1400w, http:\/\/www.inq.mx\/ttx\/wp-content\/uploads\/2024\/10\/eliminacionhierro2-300x234.jpg 300w, http:\/\/www.inq.mx\/ttx\/wp-content\/uploads\/2024\/10\/eliminacionhierro2-1024x798.jpg 1024w, http:\/\/www.inq.mx\/ttx\/wp-content\/uploads\/2024\/10\/eliminacionhierro2-768x598.jpg 768w\" sizes=\"(max-width: 1400px) 100vw, 1400px\" \/><\/a>\n\t\t\t<\/dt><\/dl><br style=\"clear: both\" \/><dl class='gallery-item'>\n\t\t\t<dt class='gallery-icon landscape'>\n\t\t\t\t<a data-elementor-open-lightbox=\"yes\" data-elementor-lightbox-slideshow=\"72010c2\" data-elementor-lightbox-title=\"eliminacionhierro1\" href='http:\/\/www.inq.mx\/ttx\/wp-content\/uploads\/2024\/10\/eliminacionhierro1.jpg'><img width=\"1400\" height=\"1091\" src=\"http:\/\/www.inq.mx\/ttx\/wp-content\/uploads\/2024\/10\/eliminacionhierro1.jpg\" class=\"attachment-full size-full\" alt=\"\" loading=\"lazy\" srcset=\"http:\/\/www.inq.mx\/ttx\/wp-content\/uploads\/2024\/10\/eliminacionhierro1.jpg 1400w, http:\/\/www.inq.mx\/ttx\/wp-content\/uploads\/2024\/10\/eliminacionhierro1-300x234.jpg 300w, http:\/\/www.inq.mx\/ttx\/wp-content\/uploads\/2024\/10\/eliminacionhierro1-1024x798.jpg 1024w, http:\/\/www.inq.mx\/ttx\/wp-content\/uploads\/2024\/10\/eliminacionhierro1-768x598.jpg 768w\" sizes=\"(max-width: 1400px) 100vw, 1400px\" \/><\/a>\n\t\t\t<\/dt><\/dl><dl class='gallery-item'>\n\t\t\t<dt class='gallery-icon landscape'>\n\t\t\t\t<a data-elementor-open-lightbox=\"yes\" data-elementor-lightbox-slideshow=\"72010c2\" data-elementor-lightbox-title=\"eliminacionhierro4\" href='http:\/\/www.inq.mx\/ttx\/wp-content\/uploads\/2024\/10\/eliminacionhierro4.jpg'><img width=\"1400\" height=\"1091\" src=\"http:\/\/www.inq.mx\/ttx\/wp-content\/uploads\/2024\/10\/eliminacionhierro4.jpg\" class=\"attachment-full size-full\" alt=\"\" loading=\"lazy\" srcset=\"http:\/\/www.inq.mx\/ttx\/wp-content\/uploads\/2024\/10\/eliminacionhierro4.jpg 1400w, http:\/\/www.inq.mx\/ttx\/wp-content\/uploads\/2024\/10\/eliminacionhierro4-300x234.jpg 300w, http:\/\/www.inq.mx\/ttx\/wp-content\/uploads\/2024\/10\/eliminacionhierro4-1024x798.jpg 1024w, http:\/\/www.inq.mx\/ttx\/wp-content\/uploads\/2024\/10\/eliminacionhierro4-768x598.jpg 768w\" sizes=\"(max-width: 1400px) 100vw, 1400px\" \/><\/a>\n\t\t\t<\/dt><\/dl><dl class='gallery-item'>\n\t\t\t<dt class='gallery-icon landscape'>\n\t\t\t\t<a data-elementor-open-lightbox=\"yes\" data-elementor-lightbox-slideshow=\"72010c2\" data-elementor-lightbox-title=\"eliminacionhierro6\" href='http:\/\/www.inq.mx\/ttx\/wp-content\/uploads\/2024\/10\/eliminacionhierro6.jpg'><img width=\"1400\" height=\"1091\" src=\"http:\/\/www.inq.mx\/ttx\/wp-content\/uploads\/2024\/10\/eliminacionhierro6.jpg\" class=\"attachment-full size-full\" alt=\"\" loading=\"lazy\" srcset=\"http:\/\/www.inq.mx\/ttx\/wp-content\/uploads\/2024\/10\/eliminacionhierro6.jpg 1400w, http:\/\/www.inq.mx\/ttx\/wp-content\/uploads\/2024\/10\/eliminacionhierro6-300x234.jpg 300w, http:\/\/www.inq.mx\/ttx\/wp-content\/uploads\/2024\/10\/eliminacionhierro6-1024x798.jpg 1024w, http:\/\/www.inq.mx\/ttx\/wp-content\/uploads\/2024\/10\/eliminacionhierro6-768x598.jpg 768w\" sizes=\"(max-width: 1400px) 100vw, 1400px\" \/><\/a>\n\t\t\t<\/dt><\/dl><dl class='gallery-item'>\n\t\t\t<dt class='gallery-icon landscape'>\n\t\t\t\t<a data-elementor-open-lightbox=\"yes\" data-elementor-lightbox-slideshow=\"72010c2\" data-elementor-lightbox-title=\"eliminacionhierro7\" href='http:\/\/www.inq.mx\/ttx\/wp-content\/uploads\/2024\/10\/eliminacionhierro7.jpg'><img width=\"1400\" height=\"1091\" src=\"http:\/\/www.inq.mx\/ttx\/wp-content\/uploads\/2024\/10\/eliminacionhierro7.jpg\" class=\"attachment-full size-full\" alt=\"\" loading=\"lazy\" srcset=\"http:\/\/www.inq.mx\/ttx\/wp-content\/uploads\/2024\/10\/eliminacionhierro7.jpg 1400w, http:\/\/www.inq.mx\/ttx\/wp-content\/uploads\/2024\/10\/eliminacionhierro7-300x234.jpg 300w, http:\/\/www.inq.mx\/ttx\/wp-content\/uploads\/2024\/10\/eliminacionhierro7-1024x798.jpg 1024w, http:\/\/www.inq.mx\/ttx\/wp-content\/uploads\/2024\/10\/eliminacionhierro7-768x598.jpg 768w\" sizes=\"(max-width: 1400px) 100vw, 1400px\" \/><\/a>\n\t\t\t<\/dt><\/dl><br style=\"clear: both\" \/><dl class='gallery-item'>\n\t\t\t<dt class='gallery-icon landscape'>\n\t\t\t\t<a data-elementor-open-lightbox=\"yes\" data-elementor-lightbox-slideshow=\"72010c2\" data-elementor-lightbox-title=\"eliminacionhierro8\" href='http:\/\/www.inq.mx\/ttx\/wp-content\/uploads\/2024\/10\/eliminacionhierro8.jpg'><img width=\"1400\" height=\"1091\" src=\"http:\/\/www.inq.mx\/ttx\/wp-content\/uploads\/2024\/10\/eliminacionhierro8.jpg\" class=\"attachment-full size-full\" alt=\"\" loading=\"lazy\" srcset=\"http:\/\/www.inq.mx\/ttx\/wp-content\/uploads\/2024\/10\/eliminacionhierro8.jpg 1400w, http:\/\/www.inq.mx\/ttx\/wp-content\/uploads\/2024\/10\/eliminacionhierro8-300x234.jpg 300w, http:\/\/www.inq.mx\/ttx\/wp-content\/uploads\/2024\/10\/eliminacionhierro8-1024x798.jpg 1024w, http:\/\/www.inq.mx\/ttx\/wp-content\/uploads\/2024\/10\/eliminacionhierro8-768x598.jpg 768w\" sizes=\"(max-width: 1400px) 100vw, 1400px\" \/><\/a>\n\t\t\t<\/dt><\/dl>\n\t\t\t<br style='clear: both' \/>\n\t\t<\/div>\n\t\t<\/div>\n\t\t\t\t<\/div>\n\t\t\t\t<\/div>\n\t\t\t\t\t\t<\/div>\n\t\t\t\t\t<\/div>\n\t\t<\/div>\n\t\t\t\t\t\t\t\t<\/div>\n\t\t\t\t\t<\/div>\n\t\t<\/section>\n\t\t\t\t<section class=\"elementor-section elementor-top-section elementor-element elementor-element-4fe5d931 elementor-section-boxed elementor-section-height-default elementor-section-height-default\" data-id=\"4fe5d931\" data-element_type=\"section\" data-settings=\"{&quot;ekit_has_onepagescroll_dot&quot;:&quot;yes&quot;}\">\n\t\t\t\t\t\t<div class=\"elementor-container elementor-column-gap-no\">\n\t\t\t\t\t\t\t<div class=\"elementor-row\">\n\t\t\t\t\t<div class=\"elementor-column elementor-col-100 elementor-top-column elementor-element elementor-element-6786c80a\" data-id=\"6786c80a\" data-element_type=\"column\">\n\t\t\t<div class=\"elementor-column-wrap elementor-element-populated\">\n\t\t\t\t\t\t\t<div class=\"elementor-widget-wrap\">\n\t\t\t\t\t\t<div class=\"elementor-element elementor-element-3bb62c66 elementor-widget-divider--view-line elementor-widget elementor-widget-divider\" data-id=\"3bb62c66\" data-element_type=\"widget\" data-widget_type=\"divider.default\">\n\t\t\t\t<div class=\"elementor-widget-container\">\n\t\t\t\t\t<div class=\"elementor-divider\">\n\t\t\t<span class=\"elementor-divider-separator\">\n\t\t\t\t\t\t<\/span>\n\t\t<\/div>\n\t\t\t\t<\/div>\n\t\t\t\t<\/div>\n\t\t\t\t\t\t<\/div>\n\t\t\t\t\t<\/div>\n\t\t<\/div>\n\t\t\t\t\t\t\t\t<\/div>\n\t\t\t\t\t<\/div>\n\t\t<\/section>\n\t\t\t\t<section class=\"elementor-section elementor-top-section elementor-element elementor-element-5dfd5c11 elementor-section-height-min-height elementor-section-boxed elementor-section-height-default elementor-section-items-middle\" data-id=\"5dfd5c11\" data-element_type=\"section\" data-settings=\"{&quot;background_background&quot;:&quot;classic&quot;,&quot;ekit_has_onepagescroll_dot&quot;:&quot;yes&quot;}\">\n\t\t\t\t\t\t\t<div class=\"elementor-background-overlay\"><\/div>\n\t\t\t\t\t\t\t<div class=\"elementor-container elementor-column-gap-wider\">\n\t\t\t\t\t\t\t<div class=\"elementor-row\">\n\t\t\t\t\t<div class=\"elementor-column elementor-col-33 elementor-top-column elementor-element elementor-element-141a2889\" data-id=\"141a2889\" data-element_type=\"column\">\n\t\t\t<div class=\"elementor-column-wrap\">\n\t\t\t\t\t\t\t<div class=\"elementor-widget-wrap\">\n\t\t\t\t\t\t\t\t<\/div>\n\t\t\t\t\t<\/div>\n\t\t<\/div>\n\t\t\t\t<div class=\"elementor-column elementor-col-33 elementor-top-column elementor-element elementor-element-1b5b4131\" data-id=\"1b5b4131\" data-element_type=\"column\">\n\t\t\t<div class=\"elementor-column-wrap elementor-element-populated\">\n\t\t\t\t\t\t\t<div class=\"elementor-widget-wrap\">\n\t\t\t\t\t\t<div class=\"elementor-element elementor-element-5e59bb42 elementor-widget elementor-widget-heading\" data-id=\"5e59bb42\" data-element_type=\"widget\" data-widget_type=\"heading.default\">\n\t\t\t\t<div class=\"elementor-widget-container\">\n\t\t\t<h2 class=\"elementor-heading-title elementor-size-default\">Empecemos a trabajar<\/h2>\t\t<\/div>\n\t\t\t\t<\/div>\n\t\t\t\t<div class=\"elementor-element elementor-element-723ad960 elementor-widget__width-auto elementor-widget elementor-widget-button\" data-id=\"723ad960\" data-element_type=\"widget\" data-widget_type=\"button.default\">\n\t\t\t\t<div class=\"elementor-widget-container\">\n\t\t\t\t\t<div class=\"elementor-button-wrapper\">\n\t\t\t<a href=\"http:\/\/www.inq.mx\/ttx\/contact\/\" class=\"elementor-button-link elementor-button elementor-size-lg elementor-animation-grow\" role=\"button\">\n\t\t\t\t\t\t<span class=\"elementor-button-content-wrapper\">\n\t\t\t\t\t\t<span class=\"elementor-button-icon elementor-align-icon-right\">\n\t\t\t\t<i aria-hidden=\"true\" class=\"icon icon-right-arrow\"><\/i>\t\t\t<\/span>\n\t\t\t\t\t\t<span class=\"elementor-button-text\">Vamos<\/span>\n\t\t<\/span>\n\t\t\t\t\t<\/a>\n\t\t<\/div>\n\t\t\t\t<\/div>\n\t\t\t\t<\/div>\n\t\t\t\t\t\t<\/div>\n\t\t\t\t\t<\/div>\n\t\t<\/div>\n\t\t\t\t<div class=\"elementor-column elementor-col-33 elementor-top-column elementor-element elementor-element-5b33760c\" data-id=\"5b33760c\" data-element_type=\"column\">\n\t\t\t<div class=\"elementor-column-wrap\">\n\t\t\t\t\t\t\t<div class=\"elementor-widget-wrap\">\n\t\t\t\t\t\t\t\t<\/div>\n\t\t\t\t\t<\/div>\n\t\t<\/div>\n\t\t\t\t\t\t\t\t<\/div>\n\t\t\t\t\t<\/div>\n\t\t<\/section>\n\t\t\t\t\t\t<\/div>\n\t\t\t\t\t\t<\/div>\n\t\t\t\t\t<\/div>\n\t\t","protected":false},"excerpt":{"rendered":"<p>TTX Environmental Unidades de eliminaci\u00f3n de hierro Las unidades de remoci\u00f3n de hierro de TTX Environmental no solo eliminan los metales disueltos de la soluci\u00f3n de decapado, sino que tambi\u00e9n restauran simult\u00e1neamente el contenido de \u00e1cido a la concentraci\u00f3n operativa adecuada. Los sistemas de recuperaci\u00f3n de \u00e1cido ya no se consideran un sistema opcional o [&hellip;]<\/p>\n","protected":false},"author":1,"featured_media":0,"parent":2807,"menu_order":0,"comment_status":"closed","ping_status":"closed","template":"elementor_header_footer","meta":[],"_links":{"self":[{"href":"http:\/\/www.inq.mx\/ttx\/wp-json\/wp\/v2\/pages\/2826"}],"collection":[{"href":"http:\/\/www.inq.mx\/ttx\/wp-json\/wp\/v2\/pages"}],"about":[{"href":"http:\/\/www.inq.mx\/ttx\/wp-json\/wp\/v2\/types\/page"}],"author":[{"embeddable":true,"href":"http:\/\/www.inq.mx\/ttx\/wp-json\/wp\/v2\/users\/1"}],"replies":[{"embeddable":true,"href":"http:\/\/www.inq.mx\/ttx\/wp-json\/wp\/v2\/comments?post=2826"}],"version-history":[{"count":54,"href":"http:\/\/www.inq.mx\/ttx\/wp-json\/wp\/v2\/pages\/2826\/revisions"}],"predecessor-version":[{"id":3156,"href":"http:\/\/www.inq.mx\/ttx\/wp-json\/wp\/v2\/pages\/2826\/revisions\/3156"}],"up":[{"embeddable":true,"href":"http:\/\/www.inq.mx\/ttx\/wp-json\/wp\/v2\/pages\/2807"}],"wp:attachment":[{"href":"http:\/\/www.inq.mx\/ttx\/wp-json\/wp\/v2\/media?parent=2826"}],"curies":[{"name":"wp","href":"https:\/\/api.w.org\/{rel}","templated":true}]}}