{"id":2807,"date":"2024-10-30T22:04:34","date_gmt":"2024-10-30T22:04:34","guid":{"rendered":"http:\/\/www.inq.mx\/ttx\/?page_id=2807"},"modified":"2025-02-06T19:01:46","modified_gmt":"2025-02-06T19:01:46","slug":"ttx-environmental","status":"publish","type":"page","link":"http:\/\/www.inq.mx\/ttx\/ttx-environmental\/","title":{"rendered":"TTX Environmental"},"content":{"rendered":"\t\t<div data-elementor-type=\"wp-page\" data-elementor-id=\"2807\" class=\"elementor elementor-2807\" data-elementor-settings=\"[]\">\n\t\t\t\t\t\t<div class=\"elementor-inner\">\n\t\t\t\t\t\t\t<div class=\"elementor-section-wrap\">\n\t\t\t\t\t\t\t<section class=\"elementor-section elementor-top-section elementor-element elementor-element-43af728c elementor-section-height-min-height elementor-section-boxed elementor-section-height-default elementor-section-items-middle\" data-id=\"43af728c\" data-element_type=\"section\" data-settings=\"{&quot;background_background&quot;:&quot;classic&quot;,&quot;ekit_has_onepagescroll_dot&quot;:&quot;yes&quot;}\">\n\t\t\t\t\t\t\t<div class=\"elementor-background-overlay\"><\/div>\n\t\t\t\t\t\t\t<div class=\"elementor-container elementor-column-gap-wider\">\n\t\t\t\t\t\t\t<div class=\"elementor-row\">\n\t\t\t\t\t<div class=\"elementor-column elementor-col-100 elementor-top-column elementor-element elementor-element-845c828\" data-id=\"845c828\" data-element_type=\"column\">\n\t\t\t<div class=\"elementor-column-wrap elementor-element-populated\">\n\t\t\t\t\t\t\t<div class=\"elementor-widget-wrap\">\n\t\t\t\t\t\t<div class=\"elementor-element elementor-element-4909e2f2 elementor-widget elementor-widget-heading\" data-id=\"4909e2f2\" data-element_type=\"widget\" data-widget_type=\"heading.default\">\n\t\t\t\t<div class=\"elementor-widget-container\">\n\t\t\t<h1 class=\"elementor-heading-title elementor-size-default\">Tratamiento de Agua y Residuales<\/h1>\t\t<\/div>\n\t\t\t\t<\/div>\n\t\t\t\t\t\t<\/div>\n\t\t\t\t\t<\/div>\n\t\t<\/div>\n\t\t\t\t\t\t\t\t<\/div>\n\t\t\t\t\t<\/div>\n\t\t<\/section>\n\t\t\t\t<section class=\"elementor-section elementor-top-section elementor-element elementor-element-51eaef4e elementor-section-boxed elementor-section-height-default elementor-section-height-default\" data-id=\"51eaef4e\" data-element_type=\"section\" data-settings=\"{&quot;ekit_has_onepagescroll_dot&quot;:&quot;yes&quot;}\">\n\t\t\t\t\t\t<div class=\"elementor-container elementor-column-gap-default\">\n\t\t\t\t\t\t\t<div class=\"elementor-row\">\n\t\t\t\t\t<div class=\"elementor-column elementor-col-100 elementor-top-column elementor-element elementor-element-3b46023a\" data-id=\"3b46023a\" data-element_type=\"column\">\n\t\t\t<div class=\"elementor-column-wrap elementor-element-populated\">\n\t\t\t\t\t\t\t<div class=\"elementor-widget-wrap\">\n\t\t\t\t\t\t<div class=\"elementor-element elementor-element-5bc56ce4 elementor-widget elementor-widget-heading\" data-id=\"5bc56ce4\" data-element_type=\"widget\" data-widget_type=\"heading.default\">\n\t\t\t\t<div class=\"elementor-widget-container\">\n\t\t\t<h2 class=\"elementor-heading-title elementor-size-default\"><h2 class=\"elementor-heading-title elementor-size-default elementor-inline-editing pen\" data-elementor-setting-key=\"title\" data-pen-placeholder=\"Type Here...\" style=\"outline-style: initial; outline-width: 0px;\">Tratamiento de Agua y Residuales<span style=\"letter-spacing: -0.06843rem; text-transform: initial;\"><\/span><\/h2><\/h2>\t\t<\/div>\n\t\t\t\t<\/div>\n\t\t\t\t<div class=\"elementor-element elementor-element-951bef9 elementor-widget elementor-widget-text-editor\" data-id=\"951bef9\" data-element_type=\"widget\" data-widget_type=\"text-editor.default\">\n\t\t\t\t<div class=\"elementor-widget-container\">\n\t\t\t\t\t<div class=\"elementor-text-editor elementor-clearfix\"><p style=\"font-family: Heebo, sans-serif; color: #333333; font-size: 16px; font-weight: 300; letter-spacing: normal;\">La divisi\u00f3n de TTX Environmental est\u00e1 dedicada exclusivamente a equipos de tratamiento de agua y aguas residuales, con una especial atenci\u00f3n a los cambios constantes de la normatividad y a las nuevas preocupaciones medioambientales. Los ingenieros de TTX Environmental eval\u00faan los flujos de aguas residuales antes de recomendar el sistema que sea m\u00e1s conveniente para el cliente. Una amplia variedad de componentes de sistemas modulares son f\u00e1ciles de instalar y proporcionan flexibilidad para un crecimiento a futuro.<\/p><\/div>\n\t\t\t\t<\/div>\n\t\t\t\t<\/div>\n\t\t\t\t<section class=\"elementor-section elementor-inner-section elementor-element elementor-element-edc6fe4 elementor-section-boxed elementor-section-height-default elementor-section-height-default\" data-id=\"edc6fe4\" data-element_type=\"section\" data-settings=\"{&quot;ekit_has_onepagescroll_dot&quot;:&quot;yes&quot;}\">\n\t\t\t\t\t\t<div class=\"elementor-container elementor-column-gap-default\">\n\t\t\t\t\t\t\t<div class=\"elementor-row\">\n\t\t\t\t\t<div class=\"elementor-column elementor-col-33 elementor-inner-column elementor-element elementor-element-98e78cc\" data-id=\"98e78cc\" data-element_type=\"column\">\n\t\t\t<div class=\"elementor-column-wrap elementor-element-populated\">\n\t\t\t\t\t\t\t<div class=\"elementor-widget-wrap\">\n\t\t\t\t\t\t<div class=\"elementor-element elementor-element-f68c4cc elementor-position-top elementor-vertical-align-top elementor-widget elementor-widget-image-box\" data-id=\"f68c4cc\" data-element_type=\"widget\" data-widget_type=\"image-box.default\">\n\t\t\t\t<div class=\"elementor-widget-container\">\n\t\t\t<div class=\"elementor-image-box-wrapper\"><figure class=\"elementor-image-box-img\"><a href=\"http:\/\/www.inq.mx\/ttx\/ttx-environmental\/unidades-de-eliminacion-de-hierro\/\"><img width=\"478\" height=\"452\" src=\"http:\/\/www.inq.mx\/ttx\/wp-content\/uploads\/2024\/10\/foto1.jpg\" class=\"attachment-full size-full\" alt=\"\" loading=\"lazy\" srcset=\"http:\/\/www.inq.mx\/ttx\/wp-content\/uploads\/2024\/10\/foto1.jpg 478w, http:\/\/www.inq.mx\/ttx\/wp-content\/uploads\/2024\/10\/foto1-300x284.jpg 300w\" sizes=\"(max-width: 478px) 100vw, 478px\" \/><\/a><\/figure><div class=\"elementor-image-box-content\"><h3 class=\"elementor-image-box-title\"><a href=\"http:\/\/www.inq.mx\/ttx\/ttx-environmental\/unidades-de-eliminacion-de-hierro\/\">Unidades de remoci\u00f3n de hierro<\/a><\/h3><p class=\"elementor-image-box-description\">Ver Productos<\/p><\/div><\/div>\t\t<\/div>\n\t\t\t\t<\/div>\n\t\t\t\t\t\t<\/div>\n\t\t\t\t\t<\/div>\n\t\t<\/div>\n\t\t\t\t<div class=\"elementor-column elementor-col-33 elementor-inner-column elementor-element elementor-element-1d32aad\" data-id=\"1d32aad\" data-element_type=\"column\">\n\t\t\t<div class=\"elementor-column-wrap elementor-element-populated\">\n\t\t\t\t\t\t\t<div class=\"elementor-widget-wrap\">\n\t\t\t\t\t\t<div class=\"elementor-element elementor-element-7269924 elementor-position-top elementor-vertical-align-top elementor-widget elementor-widget-image-box\" data-id=\"7269924\" data-element_type=\"widget\" data-widget_type=\"image-box.default\">\n\t\t\t\t<div class=\"elementor-widget-container\">\n\t\t\t<div class=\"elementor-image-box-wrapper\"><figure class=\"elementor-image-box-img\"><a href=\"http:\/\/www.inq.mx\/ttx\/ttx-environmental\/sistemas-de-tratamiento-de-aguas-residuales\/\"><img width=\"478\" height=\"452\" src=\"http:\/\/www.inq.mx\/ttx\/wp-content\/uploads\/2024\/10\/foto2-1.jpg\" class=\"attachment-full size-full\" alt=\"\" loading=\"lazy\" srcset=\"http:\/\/www.inq.mx\/ttx\/wp-content\/uploads\/2024\/10\/foto2-1.jpg 478w, http:\/\/www.inq.mx\/ttx\/wp-content\/uploads\/2024\/10\/foto2-1-300x284.jpg 300w\" sizes=\"(max-width: 478px) 100vw, 478px\" \/><\/a><\/figure><div class=\"elementor-image-box-content\"><h3 class=\"elementor-image-box-title\"><a href=\"http:\/\/www.inq.mx\/ttx\/ttx-environmental\/sistemas-de-tratamiento-de-aguas-residuales\/\">Tratamiento de Agua y Residuales<\/a><\/h3><p class=\"elementor-image-box-description\">Ver Productos<\/p><\/div><\/div>\t\t<\/div>\n\t\t\t\t<\/div>\n\t\t\t\t\t\t<\/div>\n\t\t\t\t\t<\/div>\n\t\t<\/div>\n\t\t\t\t<div class=\"elementor-column elementor-col-33 elementor-inner-column elementor-element elementor-element-a0b8d68\" data-id=\"a0b8d68\" data-element_type=\"column\">\n\t\t\t<div class=\"elementor-column-wrap elementor-element-populated\">\n\t\t\t\t\t\t\t<div class=\"elementor-widget-wrap\">\n\t\t\t\t\t\t<div class=\"elementor-element elementor-element-ff2d934 elementor-position-top elementor-vertical-align-top elementor-widget elementor-widget-image-box\" data-id=\"ff2d934\" data-element_type=\"widget\" data-widget_type=\"image-box.default\">\n\t\t\t\t<div class=\"elementor-widget-container\">\n\t\t\t<div class=\"elementor-image-box-wrapper\"><figure class=\"elementor-image-box-img\"><a href=\"http:\/\/www.inq.mx\/ttx\/ttx-environmental\/unidades-de-osmosis-inversa\/\"><img width=\"478\" height=\"452\" src=\"http:\/\/www.inq.mx\/ttx\/wp-content\/uploads\/2024\/10\/foto3-1.jpg\" class=\"attachment-full size-full\" alt=\"\" loading=\"lazy\" srcset=\"http:\/\/www.inq.mx\/ttx\/wp-content\/uploads\/2024\/10\/foto3-1.jpg 478w, http:\/\/www.inq.mx\/ttx\/wp-content\/uploads\/2024\/10\/foto3-1-300x284.jpg 300w\" sizes=\"(max-width: 478px) 100vw, 478px\" \/><\/a><\/figure><div class=\"elementor-image-box-content\"><h3 class=\"elementor-image-box-title\"><a href=\"http:\/\/www.inq.mx\/ttx\/ttx-environmental\/unidades-de-osmosis-inversa\/\">\u00d3smosis inversa<\/a><\/h3><p class=\"elementor-image-box-description\">Ver Productos<\/p><\/div><\/div>\t\t<\/div>\n\t\t\t\t<\/div>\n\t\t\t\t\t\t<\/div>\n\t\t\t\t\t<\/div>\n\t\t<\/div>\n\t\t\t\t\t\t\t\t<\/div>\n\t\t\t\t\t<\/div>\n\t\t<\/section>\n\t\t\t\t\t\t<\/div>\n\t\t\t\t\t<\/div>\n\t\t<\/div>\n\t\t\t\t\t\t\t\t<\/div>\n\t\t\t\t\t<\/div>\n\t\t<\/section>\n\t\t\t\t<section class=\"elementor-section elementor-top-section elementor-element elementor-element-4fe5d931 elementor-section-boxed elementor-section-height-default elementor-section-height-default\" data-id=\"4fe5d931\" data-element_type=\"section\" data-settings=\"{&quot;ekit_has_onepagescroll_dot&quot;:&quot;yes&quot;}\">\n\t\t\t\t\t\t<div class=\"elementor-container elementor-column-gap-no\">\n\t\t\t\t\t\t\t<div class=\"elementor-row\">\n\t\t\t\t\t<div class=\"elementor-column elementor-col-100 elementor-top-column elementor-element elementor-element-6786c80a\" data-id=\"6786c80a\" data-element_type=\"column\">\n\t\t\t<div class=\"elementor-column-wrap elementor-element-populated\">\n\t\t\t\t\t\t\t<div class=\"elementor-widget-wrap\">\n\t\t\t\t\t\t<div class=\"elementor-element elementor-element-3bb62c66 elementor-widget-divider--view-line elementor-widget elementor-widget-divider\" data-id=\"3bb62c66\" data-element_type=\"widget\" data-widget_type=\"divider.default\">\n\t\t\t\t<div class=\"elementor-widget-container\">\n\t\t\t\t\t<div class=\"elementor-divider\">\n\t\t\t<span class=\"elementor-divider-separator\">\n\t\t\t\t\t\t<\/span>\n\t\t<\/div>\n\t\t\t\t<\/div>\n\t\t\t\t<\/div>\n\t\t\t\t\t\t<\/div>\n\t\t\t\t\t<\/div>\n\t\t<\/div>\n\t\t\t\t\t\t\t\t<\/div>\n\t\t\t\t\t<\/div>\n\t\t<\/section>\n\t\t\t\t<section class=\"elementor-section elementor-top-section elementor-element elementor-element-5dfd5c11 elementor-section-height-min-height elementor-section-boxed elementor-section-height-default elementor-section-items-middle\" data-id=\"5dfd5c11\" data-element_type=\"section\" data-settings=\"{&quot;background_background&quot;:&quot;classic&quot;,&quot;ekit_has_onepagescroll_dot&quot;:&quot;yes&quot;}\">\n\t\t\t\t\t\t\t<div class=\"elementor-background-overlay\"><\/div>\n\t\t\t\t\t\t\t<div class=\"elementor-container elementor-column-gap-wider\">\n\t\t\t\t\t\t\t<div class=\"elementor-row\">\n\t\t\t\t\t<div class=\"elementor-column elementor-col-33 elementor-top-column elementor-element elementor-element-141a2889\" data-id=\"141a2889\" data-element_type=\"column\">\n\t\t\t<div class=\"elementor-column-wrap\">\n\t\t\t\t\t\t\t<div class=\"elementor-widget-wrap\">\n\t\t\t\t\t\t\t\t<\/div>\n\t\t\t\t\t<\/div>\n\t\t<\/div>\n\t\t\t\t<div class=\"elementor-column elementor-col-33 elementor-top-column elementor-element elementor-element-1b5b4131\" data-id=\"1b5b4131\" data-element_type=\"column\">\n\t\t\t<div class=\"elementor-column-wrap elementor-element-populated\">\n\t\t\t\t\t\t\t<div class=\"elementor-widget-wrap\">\n\t\t\t\t\t\t<div class=\"elementor-element elementor-element-5e59bb42 elementor-widget elementor-widget-heading\" data-id=\"5e59bb42\" data-element_type=\"widget\" data-widget_type=\"heading.default\">\n\t\t\t\t<div class=\"elementor-widget-container\">\n\t\t\t<h2 class=\"elementor-heading-title elementor-size-default\">Empecemos a trabajar<\/h2>\t\t<\/div>\n\t\t\t\t<\/div>\n\t\t\t\t<div class=\"elementor-element elementor-element-723ad960 elementor-widget__width-auto elementor-widget elementor-widget-button\" data-id=\"723ad960\" data-element_type=\"widget\" data-widget_type=\"button.default\">\n\t\t\t\t<div class=\"elementor-widget-container\">\n\t\t\t\t\t<div class=\"elementor-button-wrapper\">\n\t\t\t<a href=\"http:\/\/www.inq.mx\/ttx\/contact\/\" class=\"elementor-button-link elementor-button elementor-size-lg elementor-animation-grow\" role=\"button\">\n\t\t\t\t\t\t<span class=\"elementor-button-content-wrapper\">\n\t\t\t\t\t\t<span class=\"elementor-button-icon elementor-align-icon-right\">\n\t\t\t\t<i aria-hidden=\"true\" class=\"icon icon-right-arrow\"><\/i>\t\t\t<\/span>\n\t\t\t\t\t\t<span class=\"elementor-button-text\">Vamos<\/span>\n\t\t<\/span>\n\t\t\t\t\t<\/a>\n\t\t<\/div>\n\t\t\t\t<\/div>\n\t\t\t\t<\/div>\n\t\t\t\t\t\t<\/div>\n\t\t\t\t\t<\/div>\n\t\t<\/div>\n\t\t\t\t<div class=\"elementor-column elementor-col-33 elementor-top-column elementor-element elementor-element-5b33760c\" data-id=\"5b33760c\" data-element_type=\"column\">\n\t\t\t<div class=\"elementor-column-wrap\">\n\t\t\t\t\t\t\t<div class=\"elementor-widget-wrap\">\n\t\t\t\t\t\t\t\t<\/div>\n\t\t\t\t\t<\/div>\n\t\t<\/div>\n\t\t\t\t\t\t\t\t<\/div>\n\t\t\t\t\t<\/div>\n\t\t<\/section>\n\t\t\t\t\t\t<\/div>\n\t\t\t\t\t\t<\/div>\n\t\t\t\t\t<\/div>\n\t\t","protected":false},"excerpt":{"rendered":"<p>Tratamiento de Agua y Residuales Tratamiento de Agua y Residuales La divisi\u00f3n de TTX Environmental est\u00e1 dedicada exclusivamente a equipos de tratamiento de agua y aguas residuales, con una especial atenci\u00f3n a los cambios constantes de la normatividad y a las nuevas preocupaciones medioambientales. Los ingenieros de TTX Environmental eval\u00faan los flujos de aguas residuales [&hellip;]<\/p>\n","protected":false},"author":1,"featured_media":0,"parent":0,"menu_order":0,"comment_status":"closed","ping_status":"closed","template":"elementor_header_footer","meta":[],"_links":{"self":[{"href":"http:\/\/www.inq.mx\/ttx\/wp-json\/wp\/v2\/pages\/2807"}],"collection":[{"href":"http:\/\/www.inq.mx\/ttx\/wp-json\/wp\/v2\/pages"}],"about":[{"href":"http:\/\/www.inq.mx\/ttx\/wp-json\/wp\/v2\/types\/page"}],"author":[{"embeddable":true,"href":"http:\/\/www.inq.mx\/ttx\/wp-json\/wp\/v2\/users\/1"}],"replies":[{"embeddable":true,"href":"http:\/\/www.inq.mx\/ttx\/wp-json\/wp\/v2\/comments?post=2807"}],"version-history":[{"count":43,"href":"http:\/\/www.inq.mx\/ttx\/wp-json\/wp\/v2\/pages\/2807\/revisions"}],"predecessor-version":[{"id":3195,"href":"http:\/\/www.inq.mx\/ttx\/wp-json\/wp\/v2\/pages\/2807\/revisions\/3195"}],"wp:attachment":[{"href":"http:\/\/www.inq.mx\/ttx\/wp-json\/wp\/v2\/media?parent=2807"}],"curies":[{"name":"wp","href":"https:\/\/api.w.org\/{rel}","templated":true}]}}