{"id":1874,"date":"2021-02-09T02:28:53","date_gmt":"2021-02-09T02:28:53","guid":{"rendered":"http:\/\/www.inq.mx\/ttx2\/?page_id=1874"},"modified":"2023-11-03T15:45:58","modified_gmt":"2023-11-03T15:45:58","slug":"presencia","status":"publish","type":"page","link":"http:\/\/www.inq.mx\/ttx\/presencia\/","title":{"rendered":"Presencia"},"content":{"rendered":"\t\t<div data-elementor-type=\"wp-page\" data-elementor-id=\"1874\" class=\"elementor elementor-1874\" data-elementor-settings=\"[]\">\n\t\t\t\t\t\t<div class=\"elementor-inner\">\n\t\t\t\t\t\t\t<div class=\"elementor-section-wrap\">\n\t\t\t\t\t\t\t<section class=\"elementor-section elementor-top-section elementor-element elementor-element-43af728c elementor-section-height-min-height elementor-section-boxed elementor-section-height-default elementor-section-items-middle\" data-id=\"43af728c\" data-element_type=\"section\" data-settings=\"{&quot;background_background&quot;:&quot;classic&quot;,&quot;ekit_has_onepagescroll_dot&quot;:&quot;yes&quot;}\">\n\t\t\t\t\t\t\t<div class=\"elementor-background-overlay\"><\/div>\n\t\t\t\t\t\t\t<div class=\"elementor-container elementor-column-gap-wider\">\n\t\t\t\t\t\t\t<div class=\"elementor-row\">\n\t\t\t\t\t<div class=\"elementor-column elementor-col-100 elementor-top-column elementor-element elementor-element-845c828\" data-id=\"845c828\" data-element_type=\"column\">\n\t\t\t<div class=\"elementor-column-wrap elementor-element-populated\">\n\t\t\t\t\t\t\t<div class=\"elementor-widget-wrap\">\n\t\t\t\t\t\t<div class=\"elementor-element elementor-element-4909e2f2 elementor-widget elementor-widget-heading\" data-id=\"4909e2f2\" data-element_type=\"widget\" data-widget_type=\"heading.default\">\n\t\t\t\t<div class=\"elementor-widget-container\">\n\t\t\t<h1 class=\"elementor-heading-title elementor-size-default\">Presencia<\/h1>\t\t<\/div>\n\t\t\t\t<\/div>\n\t\t\t\t\t\t<\/div>\n\t\t\t\t\t<\/div>\n\t\t<\/div>\n\t\t\t\t\t\t\t\t<\/div>\n\t\t\t\t\t<\/div>\n\t\t<\/section>\n\t\t\t\t<section class=\"elementor-section elementor-top-section elementor-element elementor-element-51eaef4e elementor-section-boxed elementor-section-height-default elementor-section-height-default\" data-id=\"51eaef4e\" data-element_type=\"section\" data-settings=\"{&quot;ekit_has_onepagescroll_dot&quot;:&quot;yes&quot;}\">\n\t\t\t\t\t\t<div class=\"elementor-container elementor-column-gap-default\">\n\t\t\t\t\t\t\t<div class=\"elementor-row\">\n\t\t\t\t\t<div class=\"elementor-column elementor-col-100 elementor-top-column elementor-element elementor-element-3b46023a\" data-id=\"3b46023a\" data-element_type=\"column\">\n\t\t\t<div class=\"elementor-column-wrap elementor-element-populated\">\n\t\t\t\t\t\t\t<div class=\"elementor-widget-wrap\">\n\t\t\t\t\t\t<section class=\"elementor-section elementor-inner-section elementor-element elementor-element-4d8ffc05 elementor-section-boxed elementor-section-height-default elementor-section-height-default\" data-id=\"4d8ffc05\" data-element_type=\"section\" data-settings=\"{&quot;ekit_has_onepagescroll_dot&quot;:&quot;yes&quot;}\">\n\t\t\t\t\t\t<div class=\"elementor-container elementor-column-gap-default\">\n\t\t\t\t\t\t\t<div class=\"elementor-row\">\n\t\t\t\t\t<div class=\"elementor-column elementor-col-33 elementor-inner-column elementor-element elementor-element-5fa6ed90\" data-id=\"5fa6ed90\" data-element_type=\"column\">\n\t\t\t<div class=\"elementor-column-wrap elementor-element-populated\">\n\t\t\t\t\t\t\t<div class=\"elementor-widget-wrap\">\n\t\t\t\t\t\t<div class=\"elementor-element elementor-element-71876df2 elementor-widget elementor-widget-image\" data-id=\"71876df2\" data-element_type=\"widget\" data-widget_type=\"image.default\">\n\t\t\t\t<div class=\"elementor-widget-container\">\n\t\t\t\t\t<div class=\"elementor-image\">\n\t\t\t\t\t\t\t\t\t\t<img width=\"900\" height=\"695\" src=\"http:\/\/www.inq.mx\/ttx\/wp-content\/uploads\/2020\/04\/PresenciaTTXClientes-1024x791.jpg\" class=\"attachment-large size-large\" alt=\"\" loading=\"lazy\" srcset=\"http:\/\/www.inq.mx\/ttx\/wp-content\/uploads\/2020\/04\/PresenciaTTXClientes-1024x791.jpg 1024w, http:\/\/www.inq.mx\/ttx\/wp-content\/uploads\/2020\/04\/PresenciaTTXClientes-300x232.jpg 300w, http:\/\/www.inq.mx\/ttx\/wp-content\/uploads\/2020\/04\/PresenciaTTXClientes-768x593.jpg 768w, http:\/\/www.inq.mx\/ttx\/wp-content\/uploads\/2020\/04\/PresenciaTTXClientes-1536x1187.jpg 1536w, http:\/\/www.inq.mx\/ttx\/wp-content\/uploads\/2020\/04\/PresenciaTTXClientes-2048x1583.jpg 2048w\" sizes=\"(max-width: 900px) 100vw, 900px\" \/>\t\t\t\t\t\t\t\t\t\t\t<\/div>\n\t\t\t\t<\/div>\n\t\t\t\t<\/div>\n\t\t\t\t\t\t<\/div>\n\t\t\t\t\t<\/div>\n\t\t<\/div>\n\t\t\t\t<div class=\"elementor-column elementor-col-33 elementor-inner-column elementor-element elementor-element-398c7e61\" data-id=\"398c7e61\" data-element_type=\"column\">\n\t\t\t<div class=\"elementor-column-wrap\">\n\t\t\t\t\t\t\t<div class=\"elementor-widget-wrap\">\n\t\t\t\t\t\t\t\t<\/div>\n\t\t\t\t\t<\/div>\n\t\t<\/div>\n\t\t\t\t<div class=\"elementor-column elementor-col-33 elementor-inner-column elementor-element elementor-element-5d09c4b1\" data-id=\"5d09c4b1\" data-element_type=\"column\">\n\t\t\t<div class=\"elementor-column-wrap elementor-element-populated\">\n\t\t\t\t\t\t\t<div class=\"elementor-widget-wrap\">\n\t\t\t\t\t\t<div class=\"elementor-element elementor-element-7d09bb5a elementor-widget elementor-widget-heading\" data-id=\"7d09bb5a\" data-element_type=\"widget\" data-widget_type=\"heading.default\">\n\t\t\t\t<div class=\"elementor-widget-container\">\n\t\t\t<div class=\"elementor-heading-title elementor-size-default\">Presencia de nuestros clientes en M\u00e9xico desde hace m\u00e1s de 25 a\u00f1os<\/div>\t\t<\/div>\n\t\t\t\t<\/div>\n\t\t\t\t<div class=\"elementor-element elementor-element-951bef9 elementor-widget elementor-widget-text-editor\" data-id=\"951bef9\" data-element_type=\"widget\" data-widget_type=\"text-editor.default\">\n\t\t\t\t<div class=\"elementor-widget-container\">\n\t\t\t\t\t<div class=\"elementor-text-editor elementor-clearfix\"><p><b>M\u00e1s de 50 a\u00f1os <br \/><\/b>Con m\u00e1s de 3,300 instalados en 4 continentes.<\/p><p><b>Equipos con Alta Vida Econ\u00f3mica<br \/><\/b>Promedio de m\u00e1s de 20 a\u00f1os<br \/>Dise\u00f1ados para Actualizaci\u00f3n Tecnol\u00f3gica<\/p><p><b>El M\u00c1S Bajo <\/b><b>Costo<\/b><b> de <\/b><b>Mantenimiento<\/b> <b>Anual<br \/><\/b>Promedio 0.5%<br \/>Equipo 30 a\u00f1os antig\u00fcedad 0.4%<br \/>Equipo 2 a\u00f1os antig\u00fcedad 0.1%<\/p><\/div>\n\t\t\t\t<\/div>\n\t\t\t\t<\/div>\n\t\t\t\t\t\t<\/div>\n\t\t\t\t\t<\/div>\n\t\t<\/div>\n\t\t\t\t\t\t\t\t<\/div>\n\t\t\t\t\t<\/div>\n\t\t<\/section>\n\t\t\t\t<section class=\"elementor-section elementor-inner-section elementor-element elementor-element-f3d0f22 elementor-section-boxed elementor-section-height-default elementor-section-height-default\" data-id=\"f3d0f22\" data-element_type=\"section\" data-settings=\"{&quot;ekit_has_onepagescroll_dot&quot;:&quot;yes&quot;}\">\n\t\t\t\t\t\t<div class=\"elementor-container elementor-column-gap-default\">\n\t\t\t\t\t\t\t<div class=\"elementor-row\">\n\t\t\t\t\t<div class=\"elementor-column elementor-col-33 elementor-inner-column elementor-element elementor-element-98d1826\" data-id=\"98d1826\" data-element_type=\"column\">\n\t\t\t<div class=\"elementor-column-wrap elementor-element-populated\">\n\t\t\t\t\t\t\t<div class=\"elementor-widget-wrap\">\n\t\t\t\t\t\t<div class=\"elementor-element elementor-element-218e469 elementor-widget elementor-widget-image\" data-id=\"218e469\" data-element_type=\"widget\" data-widget_type=\"image.default\">\n\t\t\t\t<div class=\"elementor-widget-container\">\n\t\t\t\t\t<div class=\"elementor-image\">\n\t\t\t\t\t\t\t\t\t\t<img width=\"900\" height=\"821\" src=\"http:\/\/www.inq.mx\/ttx\/wp-content\/uploads\/2020\/04\/MapaTTXCorregido-1024x934.jpg\" class=\"attachment-large size-large\" alt=\"\" loading=\"lazy\" srcset=\"http:\/\/www.inq.mx\/ttx\/wp-content\/uploads\/2020\/04\/MapaTTXCorregido-1024x934.jpg 1024w, http:\/\/www.inq.mx\/ttx\/wp-content\/uploads\/2020\/04\/MapaTTXCorregido-300x274.jpg 300w, http:\/\/www.inq.mx\/ttx\/wp-content\/uploads\/2020\/04\/MapaTTXCorregido-768x700.jpg 768w, http:\/\/www.inq.mx\/ttx\/wp-content\/uploads\/2020\/04\/MapaTTXCorregido-1536x1401.jpg 1536w, http:\/\/www.inq.mx\/ttx\/wp-content\/uploads\/2020\/04\/MapaTTXCorregido-2048x1867.jpg 2048w\" sizes=\"(max-width: 900px) 100vw, 900px\" \/>\t\t\t\t\t\t\t\t\t\t\t<\/div>\n\t\t\t\t<\/div>\n\t\t\t\t<\/div>\n\t\t\t\t\t\t<\/div>\n\t\t\t\t\t<\/div>\n\t\t<\/div>\n\t\t\t\t<div class=\"elementor-column elementor-col-33 elementor-inner-column elementor-element elementor-element-fbf4508\" data-id=\"fbf4508\" data-element_type=\"column\">\n\t\t\t<div class=\"elementor-column-wrap\">\n\t\t\t\t\t\t\t<div class=\"elementor-widget-wrap\">\n\t\t\t\t\t\t\t\t<\/div>\n\t\t\t\t\t<\/div>\n\t\t<\/div>\n\t\t\t\t<div class=\"elementor-column elementor-col-33 elementor-inner-column elementor-element elementor-element-fa8e3e4\" data-id=\"fa8e3e4\" data-element_type=\"column\">\n\t\t\t<div class=\"elementor-column-wrap elementor-element-populated\">\n\t\t\t\t\t\t\t<div class=\"elementor-widget-wrap\">\n\t\t\t\t\t\t<div class=\"elementor-element elementor-element-e0ba35c elementor-widget elementor-widget-heading\" data-id=\"e0ba35c\" data-element_type=\"widget\" data-widget_type=\"heading.default\">\n\t\t\t\t<div class=\"elementor-widget-container\">\n\t\t\t<div class=\"elementor-heading-title elementor-size-default\">Nuestra Presencia<\/div>\t\t<\/div>\n\t\t\t\t<\/div>\n\t\t\t\t<div class=\"elementor-element elementor-element-05419a5 elementor-widget elementor-widget-heading\" data-id=\"05419a5\" data-element_type=\"widget\" data-widget_type=\"heading.default\">\n\t\t\t\t<div class=\"elementor-widget-container\">\n\t\t\t<div class=\"elementor-heading-title elementor-size-default\">L\u00cdDER GLOBAL EN FABRICACI\u00d3N DE SISTEMAS DE ACABADO DISE\u00d1ADOS A LA MEDIDA<\/div>\t\t<\/div>\n\t\t\t\t<\/div>\n\t\t\t\t<div class=\"elementor-element elementor-element-75f7b6d elementor-widget elementor-widget-text-editor\" data-id=\"75f7b6d\" data-element_type=\"widget\" data-widget_type=\"text-editor.default\">\n\t\t\t\t<div class=\"elementor-widget-container\">\n\t\t\t\t\t<div class=\"elementor-text-editor elementor-clearfix\"><p><b>Corporativo<\/b><b> y Planta<br \/><\/b>Sturgeon Bay, Wisconsin, USA<\/p><p><b>O<\/b><b>ficinas<\/b><b> de <\/b><b>Venta<\/b> <b>Principales<br \/><\/b>Crystal Lake, Illinois, USA<br \/>Monterrey, NL, M\u00e9xico<\/p><p><b>Lenguajes<\/b><b> que <\/b><b>atendemos<br \/><\/b><img loading=\"lazy\" src=\"http:\/\/www.inq.mx\/ttx\/wp-content\/uploads\/2021\/02\/United_States_of_America.png\" alt=\"\" width=\"35\" height=\"17\" \/> Ingl\u00e9s<br \/><img loading=\"lazy\" src=\"http:\/\/www.inq.mx\/ttx\/wp-content\/uploads\/2021\/02\/Spain.png\" alt=\"\" width=\"35\" height=\"23\" \/> Espa\u00f1ol<br \/><img loading=\"lazy\" src=\"http:\/\/www.inq.mx\/ttx\/wp-content\/uploads\/2021\/02\/Germany.png\" alt=\"\" width=\"35\" height=\"23\" \/> Alem\u00e1n<br \/><img loading=\"lazy\" src=\"http:\/\/www.inq.mx\/ttx\/wp-content\/uploads\/2021\/02\/Sweden.png\" alt=\"\" width=\"35\" height=\"21\" \/> Sueco<br \/><img loading=\"lazy\" src=\"http:\/\/www.inq.mx\/ttx\/wp-content\/uploads\/2021\/02\/Italy.png\" alt=\"\" width=\"35\" height=\"22\" \/> Italiano<br \/><img loading=\"lazy\" src=\"http:\/\/www.inq.mx\/ttx\/wp-content\/uploads\/2021\/02\/Czech_Republic.png\" alt=\"\" width=\"35\" height=\"23\" \/> Checo<br \/><img loading=\"lazy\" src=\"http:\/\/www.inq.mx\/ttx\/wp-content\/uploads\/2021\/02\/Poland.png\" alt=\"\" width=\"35\" height=\"23\" \/> Polaco<br \/><img loading=\"lazy\" src=\"http:\/\/www.inq.mx\/ttx\/wp-content\/uploads\/2021\/02\/Samoa.png\" alt=\"\" width=\"35\" height=\"17\" \/> Samoa<br \/><img loading=\"lazy\" src=\"http:\/\/www.inq.mx\/ttx\/wp-content\/uploads\/2021\/02\/Brazil.png\" alt=\"\" width=\"35\" height=\"24\" \/> Portugu\u00e9s<\/p><\/div>\n\t\t\t\t<\/div>\n\t\t\t\t<\/div>\n\t\t\t\t\t\t<\/div>\n\t\t\t\t\t<\/div>\n\t\t<\/div>\n\t\t\t\t\t\t\t\t<\/div>\n\t\t\t\t\t<\/div>\n\t\t<\/section>\n\t\t\t\t<section class=\"elementor-section elementor-inner-section elementor-element elementor-element-7f3473a3 elementor-section-boxed elementor-section-height-default elementor-section-height-default\" data-id=\"7f3473a3\" data-element_type=\"section\" data-settings=\"{&quot;ekit_has_onepagescroll_dot&quot;:&quot;yes&quot;}\">\n\t\t\t\t\t\t<div class=\"elementor-container elementor-column-gap-default\">\n\t\t\t\t\t\t\t<div class=\"elementor-row\">\n\t\t\t\t\t<div class=\"elementor-column elementor-col-33 elementor-inner-column elementor-element elementor-element-69b35a1\" data-id=\"69b35a1\" data-element_type=\"column\">\n\t\t\t<div class=\"elementor-column-wrap\">\n\t\t\t\t\t\t\t<div class=\"elementor-widget-wrap\">\n\t\t\t\t\t\t\t\t<\/div>\n\t\t\t\t\t<\/div>\n\t\t<\/div>\n\t\t\t\t<div class=\"elementor-column elementor-col-33 elementor-inner-column elementor-element elementor-element-9c49296\" data-id=\"9c49296\" data-element_type=\"column\">\n\t\t\t<div class=\"elementor-column-wrap\">\n\t\t\t\t\t\t\t<div class=\"elementor-widget-wrap\">\n\t\t\t\t\t\t\t\t<\/div>\n\t\t\t\t\t<\/div>\n\t\t<\/div>\n\t\t\t\t<div class=\"elementor-column elementor-col-33 elementor-inner-column elementor-element elementor-element-506ce14d\" data-id=\"506ce14d\" data-element_type=\"column\">\n\t\t\t<div class=\"elementor-column-wrap\">\n\t\t\t\t\t\t\t<div class=\"elementor-widget-wrap\">\n\t\t\t\t\t\t\t\t<\/div>\n\t\t\t\t\t<\/div>\n\t\t<\/div>\n\t\t\t\t\t\t\t\t<\/div>\n\t\t\t\t\t<\/div>\n\t\t<\/section>\n\t\t\t\t\t\t<\/div>\n\t\t\t\t\t<\/div>\n\t\t<\/div>\n\t\t\t\t\t\t\t\t<\/div>\n\t\t\t\t\t<\/div>\n\t\t<\/section>\n\t\t\t\t<section class=\"elementor-section elementor-top-section elementor-element elementor-element-5dfd5c11 elementor-section-height-min-height elementor-section-boxed elementor-section-height-default elementor-section-items-middle\" data-id=\"5dfd5c11\" data-element_type=\"section\" data-settings=\"{&quot;background_background&quot;:&quot;classic&quot;,&quot;ekit_has_onepagescroll_dot&quot;:&quot;yes&quot;}\">\n\t\t\t\t\t\t\t<div class=\"elementor-background-overlay\"><\/div>\n\t\t\t\t\t\t\t<div class=\"elementor-container elementor-column-gap-wider\">\n\t\t\t\t\t\t\t<div class=\"elementor-row\">\n\t\t\t\t\t<div class=\"elementor-column elementor-col-33 elementor-top-column elementor-element elementor-element-141a2889\" data-id=\"141a2889\" data-element_type=\"column\">\n\t\t\t<div class=\"elementor-column-wrap\">\n\t\t\t\t\t\t\t<div class=\"elementor-widget-wrap\">\n\t\t\t\t\t\t\t\t<\/div>\n\t\t\t\t\t<\/div>\n\t\t<\/div>\n\t\t\t\t<div class=\"elementor-column elementor-col-33 elementor-top-column elementor-element elementor-element-1b5b4131\" data-id=\"1b5b4131\" data-element_type=\"column\">\n\t\t\t<div class=\"elementor-column-wrap elementor-element-populated\">\n\t\t\t\t\t\t\t<div class=\"elementor-widget-wrap\">\n\t\t\t\t\t\t<div class=\"elementor-element elementor-element-5e59bb42 elementor-widget elementor-widget-heading\" data-id=\"5e59bb42\" data-element_type=\"widget\" data-widget_type=\"heading.default\">\n\t\t\t\t<div class=\"elementor-widget-container\">\n\t\t\t<h2 class=\"elementor-heading-title elementor-size-default\">Empecemos a trabajar<\/h2>\t\t<\/div>\n\t\t\t\t<\/div>\n\t\t\t\t<div class=\"elementor-element elementor-element-723ad960 elementor-widget__width-auto elementor-widget elementor-widget-button\" data-id=\"723ad960\" data-element_type=\"widget\" data-widget_type=\"button.default\">\n\t\t\t\t<div class=\"elementor-widget-container\">\n\t\t\t\t\t<div class=\"elementor-button-wrapper\">\n\t\t\t<a href=\"http:\/\/www.inq.mx\/ttx\/contact\/\" class=\"elementor-button-link elementor-button elementor-size-lg elementor-animation-grow\" role=\"button\">\n\t\t\t\t\t\t<span class=\"elementor-button-content-wrapper\">\n\t\t\t\t\t\t<span class=\"elementor-button-icon elementor-align-icon-right\">\n\t\t\t\t<i aria-hidden=\"true\" class=\"icon icon-right-arrow\"><\/i>\t\t\t<\/span>\n\t\t\t\t\t\t<span class=\"elementor-button-text\">Vamos<\/span>\n\t\t<\/span>\n\t\t\t\t\t<\/a>\n\t\t<\/div>\n\t\t\t\t<\/div>\n\t\t\t\t<\/div>\n\t\t\t\t\t\t<\/div>\n\t\t\t\t\t<\/div>\n\t\t<\/div>\n\t\t\t\t<div class=\"elementor-column elementor-col-33 elementor-top-column elementor-element elementor-element-5b33760c\" data-id=\"5b33760c\" data-element_type=\"column\">\n\t\t\t<div class=\"elementor-column-wrap\">\n\t\t\t\t\t\t\t<div class=\"elementor-widget-wrap\">\n\t\t\t\t\t\t\t\t<\/div>\n\t\t\t\t\t<\/div>\n\t\t<\/div>\n\t\t\t\t\t\t\t\t<\/div>\n\t\t\t\t\t<\/div>\n\t\t<\/section>\n\t\t\t\t\t\t<\/div>\n\t\t\t\t\t\t<\/div>\n\t\t\t\t\t<\/div>\n\t\t","protected":false},"excerpt":{"rendered":"<p>Presencia Presencia de nuestros clientes en M\u00e9xico desde hace m\u00e1s de 25 a\u00f1os M\u00e1s de 50 a\u00f1os Con m\u00e1s de 3,300 instalados en 4 continentes. Equipos con Alta Vida Econ\u00f3micaPromedio de m\u00e1s de 20 a\u00f1osDise\u00f1ados para Actualizaci\u00f3n Tecnol\u00f3gica El M\u00c1S Bajo Costo de Mantenimiento AnualPromedio 0.5%Equipo 30 a\u00f1os antig\u00fcedad 0.4%Equipo 2 a\u00f1os antig\u00fcedad 0.1% Nuestra [&hellip;]<\/p>\n","protected":false},"author":1,"featured_media":0,"parent":0,"menu_order":0,"comment_status":"closed","ping_status":"closed","template":"elementor_header_footer","meta":[],"_links":{"self":[{"href":"http:\/\/www.inq.mx\/ttx\/wp-json\/wp\/v2\/pages\/1874"}],"collection":[{"href":"http:\/\/www.inq.mx\/ttx\/wp-json\/wp\/v2\/pages"}],"about":[{"href":"http:\/\/www.inq.mx\/ttx\/wp-json\/wp\/v2\/types\/page"}],"author":[{"embeddable":true,"href":"http:\/\/www.inq.mx\/ttx\/wp-json\/wp\/v2\/users\/1"}],"replies":[{"embeddable":true,"href":"http:\/\/www.inq.mx\/ttx\/wp-json\/wp\/v2\/comments?post=1874"}],"version-history":[{"count":40,"href":"http:\/\/www.inq.mx\/ttx\/wp-json\/wp\/v2\/pages\/1874\/revisions"}],"predecessor-version":[{"id":2610,"href":"http:\/\/www.inq.mx\/ttx\/wp-json\/wp\/v2\/pages\/1874\/revisions\/2610"}],"wp:attachment":[{"href":"http:\/\/www.inq.mx\/ttx\/wp-json\/wp\/v2\/media?parent=1874"}],"curies":[{"name":"wp","href":"https:\/\/api.w.org\/{rel}","templated":true}]}}